{"id":2469,"date":"2021-06-28T06:44:31","date_gmt":"2021-06-28T06:44:31","guid":{"rendered":"http:\/\/tegarmobel.com\/tegardlf\/?page_id=2469"},"modified":"2021-06-30T09:24:34","modified_gmt":"2021-06-30T09:24:34","slug":"qbnext_new_03","status":"publish","type":"page","link":"https:\/\/tegarmobel.com\/tegardlf\/qbnext_new_03\/","title":{"rendered":"QBnext_new_03"},"content":{"rendered":"\t\t<div data-elementor-type=\"wp-page\" data-elementor-id=\"2469\" class=\"elementor elementor-2469\">\n\t\t\t\t\t\t<section class=\"elementor-section elementor-top-section elementor-element elementor-element-0e692d0 elementor-section-boxed elementor-section-height-default elementor-section-height-default\" data-id=\"0e692d0\" data-element_type=\"section\" data-e-type=\"section\">\n\t\t\t\t\t\t<div class=\"elementor-container elementor-column-gap-default\">\n\t\t\t\t\t<div class=\"elementor-column elementor-col-50 elementor-top-column elementor-element elementor-element-0bddfd1\" data-id=\"0bddfd1\" data-element_type=\"column\" data-e-type=\"column\">\n\t\t\t<div class=\"elementor-widget-wrap elementor-element-populated\">\n\t\t\t\t\t\t<div class=\"elementor-element elementor-element-9ff43d3 elementor-widget elementor-widget-image\" data-id=\"9ff43d3\" data-element_type=\"widget\" data-e-type=\"widget\" data-widget_type=\"image.default\">\n\t\t\t\t<div class=\"elementor-widget-container\">\n\t\t\t\t\t\t\t\t\t\t\t\t\t\t\t\t<a href=\"http:\/\/tegarmobel.com\/tegardlf\/wp-content\/uploads\/2021\/06\/QBnext_new_03.jpg\" data-elementor-open-lightbox=\"yes\" data-e-action-hash=\"#elementor-action%3Aaction%3Dlightbox%26settings%3DeyJpZCI6MjQ3MiwidXJsIjoiaHR0cHM6XC9cL3RlZ2FybW9iZWwuY29tXC90ZWdhcmRsZlwvd3AtY29udGVudFwvdXBsb2Fkc1wvMjAyMVwvMDZcL1FCbmV4dF9uZXdfMDMuanBnIn0%3D\">\n\t\t\t\t\t\t\t<img fetchpriority=\"high\" decoding=\"async\" width=\"1024\" height=\"603\" src=\"https:\/\/tegarmobel.com\/tegardlf\/wp-content\/uploads\/2021\/06\/QBnext_new_03-1024x603.jpg\" class=\"attachment-large size-large wp-image-2472\" alt=\"\" srcset=\"https:\/\/tegarmobel.com\/tegardlf\/wp-content\/uploads\/2021\/06\/QBnext_new_03-1024x603.jpg 1024w, https:\/\/tegarmobel.com\/tegardlf\/wp-content\/uploads\/2021\/06\/QBnext_new_03-400x235.jpg 400w, https:\/\/tegarmobel.com\/tegardlf\/wp-content\/uploads\/2021\/06\/QBnext_new_03-768x452.jpg 768w, https:\/\/tegarmobel.com\/tegardlf\/wp-content\/uploads\/2021\/06\/QBnext_new_03.jpg 1500w\" sizes=\"(max-width: 1024px) 100vw, 1024px\" \/>\t\t\t\t\t\t\t\t<\/a>\n\t\t\t\t\t\t\t\t\t\t\t\t\t\t\t<\/div>\n\t\t\t\t<\/div>\n\t\t\t\t\t<\/div>\n\t\t<\/div>\n\t\t\t\t<div class=\"elementor-column elementor-col-50 elementor-top-column elementor-element elementor-element-3822805\" data-id=\"3822805\" data-element_type=\"column\" data-e-type=\"column\" data-settings=\"{&quot;background_background&quot;:&quot;classic&quot;}\">\n\t\t\t<div class=\"elementor-widget-wrap elementor-element-populated\">\n\t\t\t\t\t\t<div class=\"elementor-element elementor-element-65258da elementor-widget elementor-widget-text-editor\" data-id=\"65258da\" data-element_type=\"widget\" data-e-type=\"widget\" data-widget_type=\"text-editor.default\">\n\t\t\t\t<div class=\"elementor-widget-container\">\n\t\t\t\t\t\t\t\t\t<h1><span style=\"font-family: gotham-light; font-size: 24pt;\">QBnext NEW 03<\/span><\/h1><h3>Cama m\u00f3dulos apilables + escritorio<\/h3><h5><span style=\"font-family: gotham-light;\">arena, blanco<\/span><\/h5><p><span style=\"font-size: 12pt;\">medidas: 115 x 266,2 x 100<\/span><\/p><div><span style=\"font-family: gotham-light;\">\u00a0<\/span><\/div>\t\t\t\t\t\t\t\t<\/div>\n\t\t\t\t<\/div>\n\t\t\t\t<div class=\"elementor-element elementor-element-746aaa5 elementor-widget elementor-widget-text-editor\" data-id=\"746aaa5\" data-element_type=\"widget\" data-e-type=\"widget\" data-widget_type=\"text-editor.default\">\n\t\t\t\t<div class=\"elementor-widget-container\">\n\t\t\t\t\t\t\t\t\t<p><span style=\"font-size: 14pt;\">Composici\u00f3n de mobiliario juvenil, de tonos neutros, pensada para dos hermanos de diferentes edades que deben compartir habitaci\u00f3n. La zona de descanso est\u00e1 compuesta por m\u00f3dulos apilables, siendo uno de ellos una BASE con cama nido. Junto a esta zona planteamos un pr\u00e1ctico escritorio para el hermano mayor. Y en el espacio que queda libre a la izquierda, frente a la ventana, un conjunto de mesa y sillas NOA para el peque de la casa.<\/span><\/p>\t\t\t\t\t\t\t\t<\/div>\n\t\t\t\t<\/div>\n\t\t\t\t\t<\/div>\n\t\t<\/div>\n\t\t\t\t\t<\/div>\n\t\t<\/section>\n\t\t\t\t<\/div>\n\t\t","protected":false},"excerpt":{"rendered":"<p>QBnext NEW 03 Cama m\u00f3dulos apilables + escritorio arena, blanco medidas: 115 x 266,2 x 100 \u00a0 Composici\u00f3n de mobiliario juvenil, de tonos neutros, pensada para dos hermanos de diferentes edades que deben compartir habitaci\u00f3n. La zona de descanso est\u00e1 compuesta por m\u00f3dulos apilables, siendo uno de ellos una BASE con cama nido. Junto a [&hellip;]<\/p>\n","protected":false},"author":1,"featured_media":0,"parent":0,"menu_order":0,"comment_status":"closed","ping_status":"closed","template":"","meta":{"ocean_post_layout":"","ocean_both_sidebars_style":"","ocean_both_sidebars_content_width":0,"ocean_both_sidebars_sidebars_width":0,"ocean_sidebar":"0","ocean_second_sidebar":"0","ocean_disable_margins":"enable","ocean_add_body_class":"","ocean_shortcode_before_top_bar":"","ocean_shortcode_after_top_bar":"","ocean_shortcode_before_header":"","ocean_shortcode_after_header":"","ocean_has_shortcode":"","ocean_shortcode_after_title":"","ocean_shortcode_before_footer_widgets":"","ocean_shortcode_after_footer_widgets":"","ocean_shortcode_before_footer_bottom":"","ocean_shortcode_after_footer_bottom":"","ocean_display_top_bar":"default","ocean_display_header":"default","ocean_header_style":"","ocean_center_header_left_menu":"0","ocean_custom_header_template":"0","ocean_custom_logo":0,"ocean_custom_retina_logo":0,"ocean_custom_logo_max_width":0,"ocean_custom_logo_tablet_max_width":0,"ocean_custom_logo_mobile_max_width":0,"ocean_custom_logo_max_height":0,"ocean_custom_logo_tablet_max_height":0,"ocean_custom_logo_mobile_max_height":0,"ocean_header_custom_menu":"0","ocean_menu_typo_font_family":"0","ocean_menu_typo_font_subset":"","ocean_menu_typo_font_size":0,"ocean_menu_typo_font_size_tablet":0,"ocean_menu_typo_font_size_mobile":0,"ocean_menu_typo_font_size_unit":"px","ocean_menu_typo_font_weight":"","ocean_menu_typo_font_weight_tablet":"","ocean_menu_typo_font_weight_mobile":"","ocean_menu_typo_transform":"","ocean_menu_typo_transform_tablet":"","ocean_menu_typo_transform_mobile":"","ocean_menu_typo_line_height":0,"ocean_menu_typo_line_height_tablet":0,"ocean_menu_typo_line_height_mobile":0,"ocean_menu_typo_line_height_unit":"","ocean_menu_typo_spacing":0,"ocean_menu_typo_spacing_tablet":0,"ocean_menu_typo_spacing_mobile":0,"ocean_menu_typo_spacing_unit":"","ocean_menu_link_color":"","ocean_menu_link_color_hover":"","ocean_menu_link_color_active":"","ocean_menu_link_background":"","ocean_menu_link_hover_background":"","ocean_menu_link_active_background":"","ocean_menu_social_links_bg":"","ocean_menu_social_hover_links_bg":"","ocean_menu_social_links_color":"","ocean_menu_social_hover_links_color":"","ocean_disable_title":"default","ocean_disable_heading":"default","ocean_post_title":"","ocean_post_subheading":"","ocean_post_title_style":"","ocean_post_title_background_color":"","ocean_post_title_background":0,"ocean_post_title_bg_image_position":"","ocean_post_title_bg_image_attachment":"","ocean_post_title_bg_image_repeat":"","ocean_post_title_bg_image_size":"","ocean_post_title_height":0,"ocean_post_title_bg_overlay":0.5,"ocean_post_title_bg_overlay_color":"","ocean_disable_breadcrumbs":"default","ocean_breadcrumbs_color":"","ocean_breadcrumbs_separator_color":"","ocean_breadcrumbs_links_color":"","ocean_breadcrumbs_links_hover_color":"","ocean_display_footer_widgets":"default","ocean_display_footer_bottom":"default","ocean_custom_footer_template":"0","footnotes":""},"class_list":["post-2469","page","type-page","status-publish","hentry","entry"],"yoast_head":"<!-- This site is optimized with the Yoast SEO plugin v27.3 - https:\/\/yoast.com\/product\/yoast-seo-wordpress\/ -->\n<title>QBnext_new_03 - Tegar Daily Life Furniture<\/title>\n<meta name=\"robots\" content=\"index, follow, max-snippet:-1, max-image-preview:large, max-video-preview:-1\" \/>\n<link rel=\"canonical\" href=\"https:\/\/tegarmobel.com\/tegardlf\/qbnext_new_03\/\" \/>\n<meta property=\"og:locale\" content=\"es_ES\" \/>\n<meta property=\"og:type\" content=\"article\" \/>\n<meta property=\"og:title\" content=\"QBnext_new_03 - Tegar Daily Life Furniture\" \/>\n<meta property=\"og:description\" content=\"QBnext NEW 03 Cama m\u00f3dulos apilables + escritorio arena, blanco medidas: 115 x 266,2 x 100 \u00a0 Composici\u00f3n de mobiliario juvenil, de tonos neutros, pensada para dos hermanos de diferentes edades que deben compartir habitaci\u00f3n. La zona de descanso est\u00e1 compuesta por m\u00f3dulos apilables, siendo uno de ellos una BASE con cama nido. Junto a [&hellip;]\" \/>\n<meta property=\"og:url\" content=\"https:\/\/tegarmobel.com\/tegardlf\/qbnext_new_03\/\" \/>\n<meta property=\"og:site_name\" content=\"Tegar Daily Life Furniture\" \/>\n<meta property=\"article:modified_time\" content=\"2021-06-30T09:24:34+00:00\" \/>\n<meta property=\"og:image\" content=\"http:\/\/tegarmobel.com\/tegardlf\/wp-content\/uploads\/2021\/06\/QBnext_new_03-1024x603.jpg\" \/>\n<meta name=\"twitter:card\" content=\"summary_large_image\" \/>\n<script type=\"application\/ld+json\" class=\"yoast-schema-graph\">{\"@context\":\"https:\\\/\\\/schema.org\",\"@graph\":[{\"@type\":\"WebPage\",\"@id\":\"https:\\\/\\\/tegarmobel.com\\\/tegardlf\\\/qbnext_new_03\\\/\",\"url\":\"https:\\\/\\\/tegarmobel.com\\\/tegardlf\\\/qbnext_new_03\\\/\",\"name\":\"QBnext_new_03 - Tegar Daily Life Furniture\",\"isPartOf\":{\"@id\":\"https:\\\/\\\/tegarmobel.com\\\/tegardlf\\\/#website\"},\"primaryImageOfPage\":{\"@id\":\"https:\\\/\\\/tegarmobel.com\\\/tegardlf\\\/qbnext_new_03\\\/#primaryimage\"},\"image\":{\"@id\":\"https:\\\/\\\/tegarmobel.com\\\/tegardlf\\\/qbnext_new_03\\\/#primaryimage\"},\"thumbnailUrl\":\"http:\\\/\\\/tegarmobel.com\\\/tegardlf\\\/wp-content\\\/uploads\\\/2021\\\/06\\\/QBnext_new_03-1024x603.jpg\",\"datePublished\":\"2021-06-28T06:44:31+00:00\",\"dateModified\":\"2021-06-30T09:24:34+00:00\",\"breadcrumb\":{\"@id\":\"https:\\\/\\\/tegarmobel.com\\\/tegardlf\\\/qbnext_new_03\\\/#breadcrumb\"},\"inLanguage\":\"es\",\"potentialAction\":[{\"@type\":\"ReadAction\",\"target\":[\"https:\\\/\\\/tegarmobel.com\\\/tegardlf\\\/qbnext_new_03\\\/\"]}]},{\"@type\":\"ImageObject\",\"inLanguage\":\"es\",\"@id\":\"https:\\\/\\\/tegarmobel.com\\\/tegardlf\\\/qbnext_new_03\\\/#primaryimage\",\"url\":\"http:\\\/\\\/tegarmobel.com\\\/tegardlf\\\/wp-content\\\/uploads\\\/2021\\\/06\\\/QBnext_new_03-1024x603.jpg\",\"contentUrl\":\"http:\\\/\\\/tegarmobel.com\\\/tegardlf\\\/wp-content\\\/uploads\\\/2021\\\/06\\\/QBnext_new_03-1024x603.jpg\"},{\"@type\":\"BreadcrumbList\",\"@id\":\"https:\\\/\\\/tegarmobel.com\\\/tegardlf\\\/qbnext_new_03\\\/#breadcrumb\",\"itemListElement\":[{\"@type\":\"ListItem\",\"position\":1,\"name\":\"Portada\",\"item\":\"https:\\\/\\\/tegarmobel.com\\\/tegardlf\\\/\"},{\"@type\":\"ListItem\",\"position\":2,\"name\":\"QBnext_new_03\"}]},{\"@type\":\"WebSite\",\"@id\":\"https:\\\/\\\/tegarmobel.com\\\/tegardlf\\\/#website\",\"url\":\"https:\\\/\\\/tegarmobel.com\\\/tegardlf\\\/\",\"name\":\"Tegar Daily Life Furniture\",\"description\":\"Tegar Daily Life Furniture\",\"publisher\":{\"@id\":\"https:\\\/\\\/tegarmobel.com\\\/tegardlf\\\/#organization\"},\"potentialAction\":[{\"@type\":\"SearchAction\",\"target\":{\"@type\":\"EntryPoint\",\"urlTemplate\":\"https:\\\/\\\/tegarmobel.com\\\/tegardlf\\\/?s={search_term_string}\"},\"query-input\":{\"@type\":\"PropertyValueSpecification\",\"valueRequired\":true,\"valueName\":\"search_term_string\"}}],\"inLanguage\":\"es\"},{\"@type\":\"Organization\",\"@id\":\"https:\\\/\\\/tegarmobel.com\\\/tegardlf\\\/#organization\",\"name\":\"Tegar Daily Life Furniture\",\"url\":\"https:\\\/\\\/tegarmobel.com\\\/tegardlf\\\/\",\"logo\":{\"@type\":\"ImageObject\",\"inLanguage\":\"es\",\"@id\":\"https:\\\/\\\/tegarmobel.com\\\/tegardlf\\\/#\\\/schema\\\/logo\\\/image\\\/\",\"url\":\"https:\\\/\\\/tegarmobel.com\\\/tegardlf\\\/wp-content\\\/uploads\\\/2021\\\/09\\\/Logo-tegar-web8.png\",\"contentUrl\":\"https:\\\/\\\/tegarmobel.com\\\/tegardlf\\\/wp-content\\\/uploads\\\/2021\\\/09\\\/Logo-tegar-web8.png\",\"width\":1000,\"height\":162,\"caption\":\"Tegar Daily Life Furniture\"},\"image\":{\"@id\":\"https:\\\/\\\/tegarmobel.com\\\/tegardlf\\\/#\\\/schema\\\/logo\\\/image\\\/\"}}]}<\/script>\n<!-- \/ Yoast SEO plugin. -->","yoast_head_json":{"title":"QBnext_new_03 - Tegar Daily Life Furniture","robots":{"index":"index","follow":"follow","max-snippet":"max-snippet:-1","max-image-preview":"max-image-preview:large","max-video-preview":"max-video-preview:-1"},"canonical":"https:\/\/tegarmobel.com\/tegardlf\/qbnext_new_03\/","og_locale":"es_ES","og_type":"article","og_title":"QBnext_new_03 - Tegar Daily Life Furniture","og_description":"QBnext NEW 03 Cama m\u00f3dulos apilables + escritorio arena, blanco medidas: 115 x 266,2 x 100 \u00a0 Composici\u00f3n de mobiliario juvenil, de tonos neutros, pensada para dos hermanos de diferentes edades que deben compartir habitaci\u00f3n. La zona de descanso est\u00e1 compuesta por m\u00f3dulos apilables, siendo uno de ellos una BASE con cama nido. Junto a [&hellip;]","og_url":"https:\/\/tegarmobel.com\/tegardlf\/qbnext_new_03\/","og_site_name":"Tegar Daily Life Furniture","article_modified_time":"2021-06-30T09:24:34+00:00","og_image":[{"url":"http:\/\/tegarmobel.com\/tegardlf\/wp-content\/uploads\/2021\/06\/QBnext_new_03-1024x603.jpg","type":"","width":"","height":""}],"twitter_card":"summary_large_image","schema":{"@context":"https:\/\/schema.org","@graph":[{"@type":"WebPage","@id":"https:\/\/tegarmobel.com\/tegardlf\/qbnext_new_03\/","url":"https:\/\/tegarmobel.com\/tegardlf\/qbnext_new_03\/","name":"QBnext_new_03 - Tegar Daily Life Furniture","isPartOf":{"@id":"https:\/\/tegarmobel.com\/tegardlf\/#website"},"primaryImageOfPage":{"@id":"https:\/\/tegarmobel.com\/tegardlf\/qbnext_new_03\/#primaryimage"},"image":{"@id":"https:\/\/tegarmobel.com\/tegardlf\/qbnext_new_03\/#primaryimage"},"thumbnailUrl":"http:\/\/tegarmobel.com\/tegardlf\/wp-content\/uploads\/2021\/06\/QBnext_new_03-1024x603.jpg","datePublished":"2021-06-28T06:44:31+00:00","dateModified":"2021-06-30T09:24:34+00:00","breadcrumb":{"@id":"https:\/\/tegarmobel.com\/tegardlf\/qbnext_new_03\/#breadcrumb"},"inLanguage":"es","potentialAction":[{"@type":"ReadAction","target":["https:\/\/tegarmobel.com\/tegardlf\/qbnext_new_03\/"]}]},{"@type":"ImageObject","inLanguage":"es","@id":"https:\/\/tegarmobel.com\/tegardlf\/qbnext_new_03\/#primaryimage","url":"http:\/\/tegarmobel.com\/tegardlf\/wp-content\/uploads\/2021\/06\/QBnext_new_03-1024x603.jpg","contentUrl":"http:\/\/tegarmobel.com\/tegardlf\/wp-content\/uploads\/2021\/06\/QBnext_new_03-1024x603.jpg"},{"@type":"BreadcrumbList","@id":"https:\/\/tegarmobel.com\/tegardlf\/qbnext_new_03\/#breadcrumb","itemListElement":[{"@type":"ListItem","position":1,"name":"Portada","item":"https:\/\/tegarmobel.com\/tegardlf\/"},{"@type":"ListItem","position":2,"name":"QBnext_new_03"}]},{"@type":"WebSite","@id":"https:\/\/tegarmobel.com\/tegardlf\/#website","url":"https:\/\/tegarmobel.com\/tegardlf\/","name":"Tegar Daily Life Furniture","description":"Tegar Daily Life Furniture","publisher":{"@id":"https:\/\/tegarmobel.com\/tegardlf\/#organization"},"potentialAction":[{"@type":"SearchAction","target":{"@type":"EntryPoint","urlTemplate":"https:\/\/tegarmobel.com\/tegardlf\/?s={search_term_string}"},"query-input":{"@type":"PropertyValueSpecification","valueRequired":true,"valueName":"search_term_string"}}],"inLanguage":"es"},{"@type":"Organization","@id":"https:\/\/tegarmobel.com\/tegardlf\/#organization","name":"Tegar Daily Life Furniture","url":"https:\/\/tegarmobel.com\/tegardlf\/","logo":{"@type":"ImageObject","inLanguage":"es","@id":"https:\/\/tegarmobel.com\/tegardlf\/#\/schema\/logo\/image\/","url":"https:\/\/tegarmobel.com\/tegardlf\/wp-content\/uploads\/2021\/09\/Logo-tegar-web8.png","contentUrl":"https:\/\/tegarmobel.com\/tegardlf\/wp-content\/uploads\/2021\/09\/Logo-tegar-web8.png","width":1000,"height":162,"caption":"Tegar Daily Life Furniture"},"image":{"@id":"https:\/\/tegarmobel.com\/tegardlf\/#\/schema\/logo\/image\/"}}]}},"_links":{"self":[{"href":"https:\/\/tegarmobel.com\/tegardlf\/wp-json\/wp\/v2\/pages\/2469","targetHints":{"allow":["GET"]}}],"collection":[{"href":"https:\/\/tegarmobel.com\/tegardlf\/wp-json\/wp\/v2\/pages"}],"about":[{"href":"https:\/\/tegarmobel.com\/tegardlf\/wp-json\/wp\/v2\/types\/page"}],"author":[{"embeddable":true,"href":"https:\/\/tegarmobel.com\/tegardlf\/wp-json\/wp\/v2\/users\/1"}],"replies":[{"embeddable":true,"href":"https:\/\/tegarmobel.com\/tegardlf\/wp-json\/wp\/v2\/comments?post=2469"}],"version-history":[{"count":7,"href":"https:\/\/tegarmobel.com\/tegardlf\/wp-json\/wp\/v2\/pages\/2469\/revisions"}],"predecessor-version":[{"id":2583,"href":"https:\/\/tegarmobel.com\/tegardlf\/wp-json\/wp\/v2\/pages\/2469\/revisions\/2583"}],"wp:attachment":[{"href":"https:\/\/tegarmobel.com\/tegardlf\/wp-json\/wp\/v2\/media?parent=2469"}],"curies":[{"name":"wp","href":"https:\/\/api.w.org\/{rel}","templated":true}]}}