{"id":2502,"date":"2021-06-28T09:23:09","date_gmt":"2021-06-28T09:23:09","guid":{"rendered":"http:\/\/tegarmobel.com\/tegardlf\/?page_id=2502"},"modified":"2021-06-30T09:26:23","modified_gmt":"2021-06-30T09:26:23","slug":"qbnext_new_05","status":"publish","type":"page","link":"https:\/\/tegarmobel.com\/tegardlf\/qbnext_new_05\/","title":{"rendered":"QBnext_new_05"},"content":{"rendered":"\t\t<div data-elementor-type=\"wp-page\" data-elementor-id=\"2502\" class=\"elementor elementor-2502\">\n\t\t\t\t\t\t<section class=\"elementor-section elementor-top-section elementor-element elementor-element-dd0062f elementor-section-boxed elementor-section-height-default elementor-section-height-default\" data-id=\"dd0062f\" data-element_type=\"section\" data-e-type=\"section\">\n\t\t\t\t\t\t<div class=\"elementor-container elementor-column-gap-default\">\n\t\t\t\t\t<div class=\"elementor-column elementor-col-50 elementor-top-column elementor-element elementor-element-cce8c64\" data-id=\"cce8c64\" data-element_type=\"column\" data-e-type=\"column\">\n\t\t\t<div class=\"elementor-widget-wrap elementor-element-populated\">\n\t\t\t\t\t\t<div class=\"elementor-element elementor-element-a343396 elementor-widget elementor-widget-image\" data-id=\"a343396\" data-element_type=\"widget\" data-e-type=\"widget\" data-widget_type=\"image.default\">\n\t\t\t\t<div class=\"elementor-widget-container\">\n\t\t\t\t\t\t\t\t\t\t\t\t\t\t\t\t<a href=\"http:\/\/tegarmobel.com\/tegardlf\/wp-content\/uploads\/2021\/06\/QNN_05_FRONTAL_web.jpg\" data-elementor-open-lightbox=\"yes\" data-e-action-hash=\"#elementor-action%3Aaction%3Dlightbox%26settings%3DeyJpZCI6MjUwNCwidXJsIjoiaHR0cHM6XC9cL3RlZ2FybW9iZWwuY29tXC90ZWdhcmRsZlwvd3AtY29udGVudFwvdXBsb2Fkc1wvMjAyMVwvMDZcL1FOTl8wNV9GUk9OVEFMX3dlYi5qcGcifQ%3D%3D\">\n\t\t\t\t\t\t\t<img fetchpriority=\"high\" decoding=\"async\" width=\"1024\" height=\"726\" src=\"https:\/\/tegarmobel.com\/tegardlf\/wp-content\/uploads\/2021\/06\/QNN_05_FRONTAL_web-1024x726.jpg\" class=\"attachment-large size-large wp-image-2504\" alt=\"\" srcset=\"https:\/\/tegarmobel.com\/tegardlf\/wp-content\/uploads\/2021\/06\/QNN_05_FRONTAL_web-1024x726.jpg 1024w, https:\/\/tegarmobel.com\/tegardlf\/wp-content\/uploads\/2021\/06\/QNN_05_FRONTAL_web-400x284.jpg 400w, https:\/\/tegarmobel.com\/tegardlf\/wp-content\/uploads\/2021\/06\/QNN_05_FRONTAL_web-768x545.jpg 768w, https:\/\/tegarmobel.com\/tegardlf\/wp-content\/uploads\/2021\/06\/QNN_05_FRONTAL_web-1536x1089.jpg 1536w, https:\/\/tegarmobel.com\/tegardlf\/wp-content\/uploads\/2021\/06\/QNN_05_FRONTAL_web.jpg 1750w\" sizes=\"(max-width: 1024px) 100vw, 1024px\" \/>\t\t\t\t\t\t\t\t<\/a>\n\t\t\t\t\t\t\t\t\t\t\t\t\t\t\t<\/div>\n\t\t\t\t<\/div>\n\t\t\t\t<div class=\"elementor-element elementor-element-04b872d elementor-widget elementor-widget-image\" data-id=\"04b872d\" data-element_type=\"widget\" data-e-type=\"widget\" data-widget_type=\"image.default\">\n\t\t\t\t<div class=\"elementor-widget-container\">\n\t\t\t\t\t\t\t\t\t\t\t\t\t\t\t\t<a href=\"http:\/\/tegarmobel.com\/tegardlf\/wp-content\/uploads\/2021\/06\/QNN_05_NATUR_02_web.jpg\" data-elementor-open-lightbox=\"yes\" data-e-action-hash=\"#elementor-action%3Aaction%3Dlightbox%26settings%3DeyJpZCI6MjUwNSwidXJsIjoiaHR0cHM6XC9cL3RlZ2FybW9iZWwuY29tXC90ZWdhcmRsZlwvd3AtY29udGVudFwvdXBsb2Fkc1wvMjAyMVwvMDZcL1FOTl8wNV9OQVRVUl8wMl93ZWIuanBnIn0%3D\">\n\t\t\t\t\t\t\t<img decoding=\"async\" width=\"819\" height=\"1024\" src=\"https:\/\/tegarmobel.com\/tegardlf\/wp-content\/uploads\/2021\/06\/QNN_05_NATUR_02_web-819x1024.jpg\" class=\"attachment-large size-large wp-image-2505\" alt=\"\" srcset=\"https:\/\/tegarmobel.com\/tegardlf\/wp-content\/uploads\/2021\/06\/QNN_05_NATUR_02_web-819x1024.jpg 819w, https:\/\/tegarmobel.com\/tegardlf\/wp-content\/uploads\/2021\/06\/QNN_05_NATUR_02_web-240x300.jpg 240w, https:\/\/tegarmobel.com\/tegardlf\/wp-content\/uploads\/2021\/06\/QNN_05_NATUR_02_web-768x960.jpg 768w, https:\/\/tegarmobel.com\/tegardlf\/wp-content\/uploads\/2021\/06\/QNN_05_NATUR_02_web-1229x1536.jpg 1229w, https:\/\/tegarmobel.com\/tegardlf\/wp-content\/uploads\/2021\/06\/QNN_05_NATUR_02_web.jpg 1400w\" sizes=\"(max-width: 819px) 100vw, 819px\" \/>\t\t\t\t\t\t\t\t<\/a>\n\t\t\t\t\t\t\t\t\t\t\t\t\t\t\t<\/div>\n\t\t\t\t<\/div>\n\t\t\t\t\t<\/div>\n\t\t<\/div>\n\t\t\t\t<div class=\"elementor-column elementor-col-50 elementor-top-column elementor-element elementor-element-dd1d6af\" data-id=\"dd1d6af\" data-element_type=\"column\" data-e-type=\"column\" data-settings=\"{&quot;background_background&quot;:&quot;classic&quot;}\">\n\t\t\t<div class=\"elementor-widget-wrap elementor-element-populated\">\n\t\t\t\t\t\t<div class=\"elementor-element elementor-element-8d7da0a elementor-widget elementor-widget-text-editor\" data-id=\"8d7da0a\" data-element_type=\"widget\" data-e-type=\"widget\" data-widget_type=\"text-editor.default\">\n\t\t\t\t<div class=\"elementor-widget-container\">\n\t\t\t\t\t\t\t\t\t<h1><span style=\"font-family: gotham-light; font-size: 24pt;\">QBnext NEW 05<\/span><\/h1><h3>Compacto premium + m\u00f3dulo NATUR + escritorio<\/h3><h5><span style=\"font-family: gotham-light;\">nube, perla, miel<\/span><\/h5><p><span style=\"font-size: 12pt;\">medidas: 447 x 200 x 79,8<\/span><\/p><div><span style=\"font-family: gotham-light;\">\u00a0<\/span><\/div>\t\t\t\t\t\t\t\t<\/div>\n\t\t\t\t<\/div>\n\t\t\t\t<div class=\"elementor-element elementor-element-fdeee35 elementor-widget elementor-widget-text-editor\" data-id=\"fdeee35\" data-element_type=\"widget\" data-e-type=\"widget\" data-widget_type=\"text-editor.default\">\n\t\t\t\t<div class=\"elementor-widget-container\">\n\t\t\t\t\t\t\t\t\t<p><span style=\"font-size: 14pt;\">Composici\u00f3n con compacto PREMIUM bicolor para colchones del mismo largo. Con un dise\u00f1o depurado en el que el frente, de una sola pieza, va por delante de los laterales. Combinaci\u00f3n con 4 cajones de 80 cm de profundidad.<br \/>Completan la composici\u00f3n 2 galer\u00edas con puerta asim\u00e9trica, un m\u00f3dulo bajo Natur del programa de Salones y una mesa de estudio con pata cuadrada de madera.<br \/><\/span><\/p>\t\t\t\t\t\t\t\t<\/div>\n\t\t\t\t<\/div>\n\t\t\t\t\t<\/div>\n\t\t<\/div>\n\t\t\t\t\t<\/div>\n\t\t<\/section>\n\t\t\t\t<section class=\"elementor-section elementor-top-section elementor-element elementor-element-2b95bca elementor-section-boxed elementor-section-height-default elementor-section-height-default\" data-id=\"2b95bca\" data-element_type=\"section\" data-e-type=\"section\">\n\t\t\t\t\t\t<div class=\"elementor-container elementor-column-gap-default\">\n\t\t\t\t\t<div class=\"elementor-column elementor-col-50 elementor-top-column elementor-element elementor-element-cd970dd\" data-id=\"cd970dd\" data-element_type=\"column\" data-e-type=\"column\">\n\t\t\t<div class=\"elementor-widget-wrap elementor-element-populated\">\n\t\t\t\t\t\t<div class=\"elementor-element elementor-element-f872583 elementor-widget elementor-widget-image\" data-id=\"f872583\" data-element_type=\"widget\" data-e-type=\"widget\" data-widget_type=\"image.default\">\n\t\t\t\t<div class=\"elementor-widget-container\">\n\t\t\t\t\t\t\t\t\t\t\t\t\t\t\t\t<a href=\"http:\/\/tegarmobel.com\/tegardlf\/wp-content\/uploads\/2021\/06\/QNN_05_PREMIUM-TANCAT_web.jpg\" data-elementor-open-lightbox=\"yes\" data-e-action-hash=\"#elementor-action%3Aaction%3Dlightbox%26settings%3DeyJpZCI6MjUwNiwidXJsIjoiaHR0cHM6XC9cL3RlZ2FybW9iZWwuY29tXC90ZWdhcmRsZlwvd3AtY29udGVudFwvdXBsb2Fkc1wvMjAyMVwvMDZcL1FOTl8wNV9QUkVNSVVNLVRBTkNBVF93ZWIuanBnIn0%3D\">\n\t\t\t\t\t\t\t<img decoding=\"async\" width=\"819\" height=\"1024\" src=\"https:\/\/tegarmobel.com\/tegardlf\/wp-content\/uploads\/2021\/06\/QNN_05_PREMIUM-TANCAT_web-819x1024.jpg\" class=\"attachment-large size-large wp-image-2506\" alt=\"\" srcset=\"https:\/\/tegarmobel.com\/tegardlf\/wp-content\/uploads\/2021\/06\/QNN_05_PREMIUM-TANCAT_web-819x1024.jpg 819w, https:\/\/tegarmobel.com\/tegardlf\/wp-content\/uploads\/2021\/06\/QNN_05_PREMIUM-TANCAT_web-240x300.jpg 240w, https:\/\/tegarmobel.com\/tegardlf\/wp-content\/uploads\/2021\/06\/QNN_05_PREMIUM-TANCAT_web-768x960.jpg 768w, https:\/\/tegarmobel.com\/tegardlf\/wp-content\/uploads\/2021\/06\/QNN_05_PREMIUM-TANCAT_web.jpg 1200w\" sizes=\"(max-width: 819px) 100vw, 819px\" \/>\t\t\t\t\t\t\t\t<\/a>\n\t\t\t\t\t\t\t\t\t\t\t\t\t\t\t<\/div>\n\t\t\t\t<\/div>\n\t\t\t\t<div class=\"elementor-element elementor-element-da42466 elementor-widget elementor-widget-image\" data-id=\"da42466\" data-element_type=\"widget\" data-e-type=\"widget\" data-widget_type=\"image.default\">\n\t\t\t\t<div class=\"elementor-widget-container\">\n\t\t\t\t\t\t\t\t\t\t\t\t\t\t\t\t<a href=\"http:\/\/tegarmobel.com\/tegardlf\/wp-content\/uploads\/2021\/06\/QNN_05_PREMIUM-OBERT_web.jpg\" data-elementor-open-lightbox=\"yes\" data-e-action-hash=\"#elementor-action%3Aaction%3Dlightbox%26settings%3DeyJpZCI6MjUwOCwidXJsIjoiaHR0cHM6XC9cL3RlZ2FybW9iZWwuY29tXC90ZWdhcmRsZlwvd3AtY29udGVudFwvdXBsb2Fkc1wvMjAyMVwvMDZcL1FOTl8wNV9QUkVNSVVNLU9CRVJUX3dlYi5qcGcifQ%3D%3D\">\n\t\t\t\t\t\t\t<img loading=\"lazy\" decoding=\"async\" width=\"819\" height=\"1024\" src=\"https:\/\/tegarmobel.com\/tegardlf\/wp-content\/uploads\/2021\/06\/QNN_05_PREMIUM-OBERT_web-819x1024.jpg\" class=\"attachment-large size-large wp-image-2508\" alt=\"\" srcset=\"https:\/\/tegarmobel.com\/tegardlf\/wp-content\/uploads\/2021\/06\/QNN_05_PREMIUM-OBERT_web-819x1024.jpg 819w, https:\/\/tegarmobel.com\/tegardlf\/wp-content\/uploads\/2021\/06\/QNN_05_PREMIUM-OBERT_web-240x300.jpg 240w, https:\/\/tegarmobel.com\/tegardlf\/wp-content\/uploads\/2021\/06\/QNN_05_PREMIUM-OBERT_web-768x960.jpg 768w, https:\/\/tegarmobel.com\/tegardlf\/wp-content\/uploads\/2021\/06\/QNN_05_PREMIUM-OBERT_web.jpg 1200w\" sizes=\"(max-width: 819px) 100vw, 819px\" \/>\t\t\t\t\t\t\t\t<\/a>\n\t\t\t\t\t\t\t\t\t\t\t\t\t\t\t<\/div>\n\t\t\t\t<\/div>\n\t\t\t\t\t<\/div>\n\t\t<\/div>\n\t\t\t\t<div class=\"elementor-column elementor-col-50 elementor-top-column elementor-element elementor-element-c7e735e\" data-id=\"c7e735e\" data-element_type=\"column\" data-e-type=\"column\">\n\t\t\t<div class=\"elementor-widget-wrap elementor-element-populated\">\n\t\t\t\t\t\t<div class=\"elementor-element elementor-element-5d2d7cc elementor-widget elementor-widget-image\" data-id=\"5d2d7cc\" data-element_type=\"widget\" data-e-type=\"widget\" data-widget_type=\"image.default\">\n\t\t\t\t<div class=\"elementor-widget-container\">\n\t\t\t\t\t\t\t\t\t\t\t\t\t\t\t\t<a href=\"http:\/\/tegarmobel.com\/tegardlf\/wp-content\/uploads\/2021\/06\/QNN_05_PREMIUM-CALAIXOS-OBERTS_web.jpg\" data-elementor-open-lightbox=\"yes\" data-e-action-hash=\"#elementor-action%3Aaction%3Dlightbox%26settings%3DeyJpZCI6MjUwNywidXJsIjoiaHR0cHM6XC9cL3RlZ2FybW9iZWwuY29tXC90ZWdhcmRsZlwvd3AtY29udGVudFwvdXBsb2Fkc1wvMjAyMVwvMDZcL1FOTl8wNV9QUkVNSVVNLUNBTEFJWE9TLU9CRVJUU193ZWIuanBnIn0%3D\">\n\t\t\t\t\t\t\t<img loading=\"lazy\" decoding=\"async\" width=\"800\" height=\"1000\" src=\"https:\/\/tegarmobel.com\/tegardlf\/wp-content\/uploads\/2021\/06\/QNN_05_PREMIUM-CALAIXOS-OBERTS_web.jpg\" class=\"attachment-large size-large wp-image-2507\" alt=\"\" srcset=\"https:\/\/tegarmobel.com\/tegardlf\/wp-content\/uploads\/2021\/06\/QNN_05_PREMIUM-CALAIXOS-OBERTS_web.jpg 800w, https:\/\/tegarmobel.com\/tegardlf\/wp-content\/uploads\/2021\/06\/QNN_05_PREMIUM-CALAIXOS-OBERTS_web-240x300.jpg 240w, https:\/\/tegarmobel.com\/tegardlf\/wp-content\/uploads\/2021\/06\/QNN_05_PREMIUM-CALAIXOS-OBERTS_web-768x960.jpg 768w\" sizes=\"(max-width: 800px) 100vw, 800px\" \/>\t\t\t\t\t\t\t\t<\/a>\n\t\t\t\t\t\t\t\t\t\t\t\t\t\t\t<\/div>\n\t\t\t\t<\/div>\n\t\t\t\t<div class=\"elementor-element elementor-element-4c2824f elementor-widget elementor-widget-image\" data-id=\"4c2824f\" data-element_type=\"widget\" data-e-type=\"widget\" data-widget_type=\"image.default\">\n\t\t\t\t<div class=\"elementor-widget-container\">\n\t\t\t\t\t\t\t\t\t\t\t\t\t\t\t\t<a href=\"http:\/\/tegarmobel.com\/tegardlf\/wp-content\/uploads\/2021\/06\/QNN_05_ESCR_web.jpg\" data-elementor-open-lightbox=\"yes\" data-e-action-hash=\"#elementor-action%3Aaction%3Dlightbox%26settings%3DeyJpZCI6MjUwOSwidXJsIjoiaHR0cHM6XC9cL3RlZ2FybW9iZWwuY29tXC90ZWdhcmRsZlwvd3AtY29udGVudFwvdXBsb2Fkc1wvMjAyMVwvMDZcL1FOTl8wNV9FU0NSX3dlYi5qcGcifQ%3D%3D\">\n\t\t\t\t\t\t\t<img loading=\"lazy\" decoding=\"async\" width=\"819\" height=\"1024\" src=\"https:\/\/tegarmobel.com\/tegardlf\/wp-content\/uploads\/2021\/06\/QNN_05_ESCR_web-819x1024.jpg\" class=\"attachment-large size-large wp-image-2509\" alt=\"\" srcset=\"https:\/\/tegarmobel.com\/tegardlf\/wp-content\/uploads\/2021\/06\/QNN_05_ESCR_web-819x1024.jpg 819w, https:\/\/tegarmobel.com\/tegardlf\/wp-content\/uploads\/2021\/06\/QNN_05_ESCR_web-240x300.jpg 240w, https:\/\/tegarmobel.com\/tegardlf\/wp-content\/uploads\/2021\/06\/QNN_05_ESCR_web-768x960.jpg 768w, https:\/\/tegarmobel.com\/tegardlf\/wp-content\/uploads\/2021\/06\/QNN_05_ESCR_web.jpg 1200w\" sizes=\"(max-width: 819px) 100vw, 819px\" \/>\t\t\t\t\t\t\t\t<\/a>\n\t\t\t\t\t\t\t\t\t\t\t\t\t\t\t<\/div>\n\t\t\t\t<\/div>\n\t\t\t\t\t<\/div>\n\t\t<\/div>\n\t\t\t\t\t<\/div>\n\t\t<\/section>\n\t\t\t\t<section class=\"elementor-section elementor-top-section elementor-element elementor-element-1bd620c elementor-section-boxed elementor-section-height-default elementor-section-height-default\" data-id=\"1bd620c\" data-element_type=\"section\" data-e-type=\"section\">\n\t\t\t\t\t\t<div class=\"elementor-container elementor-column-gap-default\">\n\t\t\t\t\t<div class=\"elementor-column elementor-col-100 elementor-top-column elementor-element elementor-element-a22872b\" data-id=\"a22872b\" data-element_type=\"column\" data-e-type=\"column\">\n\t\t\t<div class=\"elementor-widget-wrap elementor-element-populated\">\n\t\t\t\t\t\t<div class=\"elementor-element elementor-element-2339093 elementor-widget elementor-widget-spacer\" data-id=\"2339093\" data-element_type=\"widget\" data-e-type=\"widget\" data-widget_type=\"spacer.default\">\n\t\t\t\t<div class=\"elementor-widget-container\">\n\t\t\t\t\t\t\t<div class=\"elementor-spacer\">\n\t\t\t<div class=\"elementor-spacer-inner\"><\/div>\n\t\t<\/div>\n\t\t\t\t\t\t<\/div>\n\t\t\t\t<\/div>\n\t\t\t\t\t<\/div>\n\t\t<\/div>\n\t\t\t\t\t<\/div>\n\t\t<\/section>\n\t\t\t\t<\/div>\n\t\t","protected":false},"excerpt":{"rendered":"<p>QBnext NEW 05 Compacto premium + m\u00f3dulo NATUR + escritorio nube, perla, miel medidas: 447 x 200 x 79,8 \u00a0 Composici\u00f3n con compacto PREMIUM bicolor para colchones del mismo largo. Con un dise\u00f1o depurado en el que el frente, de una sola pieza, va por delante de los laterales. Combinaci\u00f3n con 4 cajones de 80 [&hellip;]<\/p>\n","protected":false},"author":1,"featured_media":0,"parent":0,"menu_order":0,"comment_status":"closed","ping_status":"closed","template":"","meta":{"ocean_post_layout":"","ocean_both_sidebars_style":"","ocean_both_sidebars_content_width":0,"ocean_both_sidebars_sidebars_width":0,"ocean_sidebar":"0","ocean_second_sidebar":"0","ocean_disable_margins":"enable","ocean_add_body_class":"","ocean_shortcode_before_top_bar":"","ocean_shortcode_after_top_bar":"","ocean_shortcode_before_header":"","ocean_shortcode_after_header":"","ocean_has_shortcode":"","ocean_shortcode_after_title":"","ocean_shortcode_before_footer_widgets":"","ocean_shortcode_after_footer_widgets":"","ocean_shortcode_before_footer_bottom":"","ocean_shortcode_after_footer_bottom":"","ocean_display_top_bar":"default","ocean_display_header":"default","ocean_header_style":"","ocean_center_header_left_menu":"0","ocean_custom_header_template":"0","ocean_custom_logo":0,"ocean_custom_retina_logo":0,"ocean_custom_logo_max_width":0,"ocean_custom_logo_tablet_max_width":0,"ocean_custom_logo_mobile_max_width":0,"ocean_custom_logo_max_height":0,"ocean_custom_logo_tablet_max_height":0,"ocean_custom_logo_mobile_max_height":0,"ocean_header_custom_menu":"0","ocean_menu_typo_font_family":"0","ocean_menu_typo_font_subset":"","ocean_menu_typo_font_size":0,"ocean_menu_typo_font_size_tablet":0,"ocean_menu_typo_font_size_mobile":0,"ocean_menu_typo_font_size_unit":"px","ocean_menu_typo_font_weight":"","ocean_menu_typo_font_weight_tablet":"","ocean_menu_typo_font_weight_mobile":"","ocean_menu_typo_transform":"","ocean_menu_typo_transform_tablet":"","ocean_menu_typo_transform_mobile":"","ocean_menu_typo_line_height":0,"ocean_menu_typo_line_height_tablet":0,"ocean_menu_typo_line_height_mobile":0,"ocean_menu_typo_line_height_unit":"","ocean_menu_typo_spacing":0,"ocean_menu_typo_spacing_tablet":0,"ocean_menu_typo_spacing_mobile":0,"ocean_menu_typo_spacing_unit":"","ocean_menu_link_color":"","ocean_menu_link_color_hover":"","ocean_menu_link_color_active":"","ocean_menu_link_background":"","ocean_menu_link_hover_background":"","ocean_menu_link_active_background":"","ocean_menu_social_links_bg":"","ocean_menu_social_hover_links_bg":"","ocean_menu_social_links_color":"","ocean_menu_social_hover_links_color":"","ocean_disable_title":"default","ocean_disable_heading":"default","ocean_post_title":"","ocean_post_subheading":"","ocean_post_title_style":"","ocean_post_title_background_color":"","ocean_post_title_background":0,"ocean_post_title_bg_image_position":"","ocean_post_title_bg_image_attachment":"","ocean_post_title_bg_image_repeat":"","ocean_post_title_bg_image_size":"","ocean_post_title_height":0,"ocean_post_title_bg_overlay":0.5,"ocean_post_title_bg_overlay_color":"","ocean_disable_breadcrumbs":"default","ocean_breadcrumbs_color":"","ocean_breadcrumbs_separator_color":"","ocean_breadcrumbs_links_color":"","ocean_breadcrumbs_links_hover_color":"","ocean_display_footer_widgets":"default","ocean_display_footer_bottom":"default","ocean_custom_footer_template":"0","footnotes":""},"class_list":["post-2502","page","type-page","status-publish","hentry","entry"],"yoast_head":"<!-- This site is optimized with the Yoast SEO plugin v27.3 - https:\/\/yoast.com\/product\/yoast-seo-wordpress\/ -->\n<title>QBnext_new_05 - Tegar Daily Life Furniture<\/title>\n<meta name=\"robots\" content=\"index, follow, max-snippet:-1, max-image-preview:large, max-video-preview:-1\" \/>\n<link rel=\"canonical\" href=\"https:\/\/tegarmobel.com\/tegardlf\/qbnext_new_05\/\" \/>\n<meta property=\"og:locale\" content=\"es_ES\" \/>\n<meta property=\"og:type\" content=\"article\" \/>\n<meta property=\"og:title\" content=\"QBnext_new_05 - Tegar Daily Life Furniture\" \/>\n<meta property=\"og:description\" content=\"QBnext NEW 05 Compacto premium + m\u00f3dulo NATUR + escritorio nube, perla, miel medidas: 447 x 200 x 79,8 \u00a0 Composici\u00f3n con compacto PREMIUM bicolor para colchones del mismo largo. Con un dise\u00f1o depurado en el que el frente, de una sola pieza, va por delante de los laterales. Combinaci\u00f3n con 4 cajones de 80 [&hellip;]\" \/>\n<meta property=\"og:url\" content=\"https:\/\/tegarmobel.com\/tegardlf\/qbnext_new_05\/\" \/>\n<meta property=\"og:site_name\" content=\"Tegar Daily Life Furniture\" \/>\n<meta property=\"article:modified_time\" content=\"2021-06-30T09:26:23+00:00\" \/>\n<meta property=\"og:image\" content=\"http:\/\/tegarmobel.com\/tegardlf\/wp-content\/uploads\/2021\/06\/QNN_05_FRONTAL_web-1024x726.jpg\" \/>\n<meta name=\"twitter:card\" content=\"summary_large_image\" \/>\n<script type=\"application\/ld+json\" class=\"yoast-schema-graph\">{\"@context\":\"https:\\\/\\\/schema.org\",\"@graph\":[{\"@type\":\"WebPage\",\"@id\":\"https:\\\/\\\/tegarmobel.com\\\/tegardlf\\\/qbnext_new_05\\\/\",\"url\":\"https:\\\/\\\/tegarmobel.com\\\/tegardlf\\\/qbnext_new_05\\\/\",\"name\":\"QBnext_new_05 - Tegar Daily Life Furniture\",\"isPartOf\":{\"@id\":\"https:\\\/\\\/tegarmobel.com\\\/tegardlf\\\/#website\"},\"primaryImageOfPage\":{\"@id\":\"https:\\\/\\\/tegarmobel.com\\\/tegardlf\\\/qbnext_new_05\\\/#primaryimage\"},\"image\":{\"@id\":\"https:\\\/\\\/tegarmobel.com\\\/tegardlf\\\/qbnext_new_05\\\/#primaryimage\"},\"thumbnailUrl\":\"http:\\\/\\\/tegarmobel.com\\\/tegardlf\\\/wp-content\\\/uploads\\\/2021\\\/06\\\/QNN_05_FRONTAL_web-1024x726.jpg\",\"datePublished\":\"2021-06-28T09:23:09+00:00\",\"dateModified\":\"2021-06-30T09:26:23+00:00\",\"breadcrumb\":{\"@id\":\"https:\\\/\\\/tegarmobel.com\\\/tegardlf\\\/qbnext_new_05\\\/#breadcrumb\"},\"inLanguage\":\"es\",\"potentialAction\":[{\"@type\":\"ReadAction\",\"target\":[\"https:\\\/\\\/tegarmobel.com\\\/tegardlf\\\/qbnext_new_05\\\/\"]}]},{\"@type\":\"ImageObject\",\"inLanguage\":\"es\",\"@id\":\"https:\\\/\\\/tegarmobel.com\\\/tegardlf\\\/qbnext_new_05\\\/#primaryimage\",\"url\":\"http:\\\/\\\/tegarmobel.com\\\/tegardlf\\\/wp-content\\\/uploads\\\/2021\\\/06\\\/QNN_05_FRONTAL_web-1024x726.jpg\",\"contentUrl\":\"http:\\\/\\\/tegarmobel.com\\\/tegardlf\\\/wp-content\\\/uploads\\\/2021\\\/06\\\/QNN_05_FRONTAL_web-1024x726.jpg\"},{\"@type\":\"BreadcrumbList\",\"@id\":\"https:\\\/\\\/tegarmobel.com\\\/tegardlf\\\/qbnext_new_05\\\/#breadcrumb\",\"itemListElement\":[{\"@type\":\"ListItem\",\"position\":1,\"name\":\"Portada\",\"item\":\"https:\\\/\\\/tegarmobel.com\\\/tegardlf\\\/\"},{\"@type\":\"ListItem\",\"position\":2,\"name\":\"QBnext_new_05\"}]},{\"@type\":\"WebSite\",\"@id\":\"https:\\\/\\\/tegarmobel.com\\\/tegardlf\\\/#website\",\"url\":\"https:\\\/\\\/tegarmobel.com\\\/tegardlf\\\/\",\"name\":\"Tegar Daily Life Furniture\",\"description\":\"Tegar Daily Life Furniture\",\"publisher\":{\"@id\":\"https:\\\/\\\/tegarmobel.com\\\/tegardlf\\\/#organization\"},\"potentialAction\":[{\"@type\":\"SearchAction\",\"target\":{\"@type\":\"EntryPoint\",\"urlTemplate\":\"https:\\\/\\\/tegarmobel.com\\\/tegardlf\\\/?s={search_term_string}\"},\"query-input\":{\"@type\":\"PropertyValueSpecification\",\"valueRequired\":true,\"valueName\":\"search_term_string\"}}],\"inLanguage\":\"es\"},{\"@type\":\"Organization\",\"@id\":\"https:\\\/\\\/tegarmobel.com\\\/tegardlf\\\/#organization\",\"name\":\"Tegar Daily Life Furniture\",\"url\":\"https:\\\/\\\/tegarmobel.com\\\/tegardlf\\\/\",\"logo\":{\"@type\":\"ImageObject\",\"inLanguage\":\"es\",\"@id\":\"https:\\\/\\\/tegarmobel.com\\\/tegardlf\\\/#\\\/schema\\\/logo\\\/image\\\/\",\"url\":\"https:\\\/\\\/tegarmobel.com\\\/tegardlf\\\/wp-content\\\/uploads\\\/2021\\\/09\\\/Logo-tegar-web8.png\",\"contentUrl\":\"https:\\\/\\\/tegarmobel.com\\\/tegardlf\\\/wp-content\\\/uploads\\\/2021\\\/09\\\/Logo-tegar-web8.png\",\"width\":1000,\"height\":162,\"caption\":\"Tegar Daily Life Furniture\"},\"image\":{\"@id\":\"https:\\\/\\\/tegarmobel.com\\\/tegardlf\\\/#\\\/schema\\\/logo\\\/image\\\/\"}}]}<\/script>\n<!-- \/ Yoast SEO plugin. -->","yoast_head_json":{"title":"QBnext_new_05 - Tegar Daily Life Furniture","robots":{"index":"index","follow":"follow","max-snippet":"max-snippet:-1","max-image-preview":"max-image-preview:large","max-video-preview":"max-video-preview:-1"},"canonical":"https:\/\/tegarmobel.com\/tegardlf\/qbnext_new_05\/","og_locale":"es_ES","og_type":"article","og_title":"QBnext_new_05 - Tegar Daily Life Furniture","og_description":"QBnext NEW 05 Compacto premium + m\u00f3dulo NATUR + escritorio nube, perla, miel medidas: 447 x 200 x 79,8 \u00a0 Composici\u00f3n con compacto PREMIUM bicolor para colchones del mismo largo. Con un dise\u00f1o depurado en el que el frente, de una sola pieza, va por delante de los laterales. Combinaci\u00f3n con 4 cajones de 80 [&hellip;]","og_url":"https:\/\/tegarmobel.com\/tegardlf\/qbnext_new_05\/","og_site_name":"Tegar Daily Life Furniture","article_modified_time":"2021-06-30T09:26:23+00:00","og_image":[{"url":"http:\/\/tegarmobel.com\/tegardlf\/wp-content\/uploads\/2021\/06\/QNN_05_FRONTAL_web-1024x726.jpg","type":"","width":"","height":""}],"twitter_card":"summary_large_image","schema":{"@context":"https:\/\/schema.org","@graph":[{"@type":"WebPage","@id":"https:\/\/tegarmobel.com\/tegardlf\/qbnext_new_05\/","url":"https:\/\/tegarmobel.com\/tegardlf\/qbnext_new_05\/","name":"QBnext_new_05 - Tegar Daily Life Furniture","isPartOf":{"@id":"https:\/\/tegarmobel.com\/tegardlf\/#website"},"primaryImageOfPage":{"@id":"https:\/\/tegarmobel.com\/tegardlf\/qbnext_new_05\/#primaryimage"},"image":{"@id":"https:\/\/tegarmobel.com\/tegardlf\/qbnext_new_05\/#primaryimage"},"thumbnailUrl":"http:\/\/tegarmobel.com\/tegardlf\/wp-content\/uploads\/2021\/06\/QNN_05_FRONTAL_web-1024x726.jpg","datePublished":"2021-06-28T09:23:09+00:00","dateModified":"2021-06-30T09:26:23+00:00","breadcrumb":{"@id":"https:\/\/tegarmobel.com\/tegardlf\/qbnext_new_05\/#breadcrumb"},"inLanguage":"es","potentialAction":[{"@type":"ReadAction","target":["https:\/\/tegarmobel.com\/tegardlf\/qbnext_new_05\/"]}]},{"@type":"ImageObject","inLanguage":"es","@id":"https:\/\/tegarmobel.com\/tegardlf\/qbnext_new_05\/#primaryimage","url":"http:\/\/tegarmobel.com\/tegardlf\/wp-content\/uploads\/2021\/06\/QNN_05_FRONTAL_web-1024x726.jpg","contentUrl":"http:\/\/tegarmobel.com\/tegardlf\/wp-content\/uploads\/2021\/06\/QNN_05_FRONTAL_web-1024x726.jpg"},{"@type":"BreadcrumbList","@id":"https:\/\/tegarmobel.com\/tegardlf\/qbnext_new_05\/#breadcrumb","itemListElement":[{"@type":"ListItem","position":1,"name":"Portada","item":"https:\/\/tegarmobel.com\/tegardlf\/"},{"@type":"ListItem","position":2,"name":"QBnext_new_05"}]},{"@type":"WebSite","@id":"https:\/\/tegarmobel.com\/tegardlf\/#website","url":"https:\/\/tegarmobel.com\/tegardlf\/","name":"Tegar Daily Life Furniture","description":"Tegar Daily Life Furniture","publisher":{"@id":"https:\/\/tegarmobel.com\/tegardlf\/#organization"},"potentialAction":[{"@type":"SearchAction","target":{"@type":"EntryPoint","urlTemplate":"https:\/\/tegarmobel.com\/tegardlf\/?s={search_term_string}"},"query-input":{"@type":"PropertyValueSpecification","valueRequired":true,"valueName":"search_term_string"}}],"inLanguage":"es"},{"@type":"Organization","@id":"https:\/\/tegarmobel.com\/tegardlf\/#organization","name":"Tegar Daily Life Furniture","url":"https:\/\/tegarmobel.com\/tegardlf\/","logo":{"@type":"ImageObject","inLanguage":"es","@id":"https:\/\/tegarmobel.com\/tegardlf\/#\/schema\/logo\/image\/","url":"https:\/\/tegarmobel.com\/tegardlf\/wp-content\/uploads\/2021\/09\/Logo-tegar-web8.png","contentUrl":"https:\/\/tegarmobel.com\/tegardlf\/wp-content\/uploads\/2021\/09\/Logo-tegar-web8.png","width":1000,"height":162,"caption":"Tegar Daily Life Furniture"},"image":{"@id":"https:\/\/tegarmobel.com\/tegardlf\/#\/schema\/logo\/image\/"}}]}},"_links":{"self":[{"href":"https:\/\/tegarmobel.com\/tegardlf\/wp-json\/wp\/v2\/pages\/2502","targetHints":{"allow":["GET"]}}],"collection":[{"href":"https:\/\/tegarmobel.com\/tegardlf\/wp-json\/wp\/v2\/pages"}],"about":[{"href":"https:\/\/tegarmobel.com\/tegardlf\/wp-json\/wp\/v2\/types\/page"}],"author":[{"embeddable":true,"href":"https:\/\/tegarmobel.com\/tegardlf\/wp-json\/wp\/v2\/users\/1"}],"replies":[{"embeddable":true,"href":"https:\/\/tegarmobel.com\/tegardlf\/wp-json\/wp\/v2\/comments?post=2502"}],"version-history":[{"count":10,"href":"https:\/\/tegarmobel.com\/tegardlf\/wp-json\/wp\/v2\/pages\/2502\/revisions"}],"predecessor-version":[{"id":2589,"href":"https:\/\/tegarmobel.com\/tegardlf\/wp-json\/wp\/v2\/pages\/2502\/revisions\/2589"}],"wp:attachment":[{"href":"https:\/\/tegarmobel.com\/tegardlf\/wp-json\/wp\/v2\/media?parent=2502"}],"curies":[{"name":"wp","href":"https:\/\/api.w.org\/{rel}","templated":true}]}}