{"id":2825,"date":"2021-07-06T05:56:45","date_gmt":"2021-07-06T05:56:45","guid":{"rendered":"http:\/\/tegarmobel.com\/tegardlf\/?page_id=2825"},"modified":"2022-05-17T08:36:47","modified_gmt":"2022-05-17T08:36:47","slug":"qbnext_new_09","status":"publish","type":"page","link":"https:\/\/tegarmobel.com\/tegardlf\/qbnext_new_09\/","title":{"rendered":"QBnext_new_09"},"content":{"rendered":"\t\t<div data-elementor-type=\"wp-page\" data-elementor-id=\"2825\" class=\"elementor elementor-2825\">\n\t\t\t\t\t\t<section class=\"elementor-section elementor-top-section elementor-element elementor-element-67e1def elementor-section-boxed elementor-section-height-default elementor-section-height-default\" data-id=\"67e1def\" data-element_type=\"section\" data-e-type=\"section\">\n\t\t\t\t\t\t<div class=\"elementor-container elementor-column-gap-default\">\n\t\t\t\t\t<div class=\"elementor-column elementor-col-50 elementor-top-column elementor-element elementor-element-928ed9d\" data-id=\"928ed9d\" data-element_type=\"column\" data-e-type=\"column\">\n\t\t\t<div class=\"elementor-widget-wrap elementor-element-populated\">\n\t\t\t\t\t\t<div class=\"elementor-element elementor-element-173f69c elementor-widget elementor-widget-image\" data-id=\"173f69c\" data-element_type=\"widget\" data-e-type=\"widget\" data-widget_type=\"image.default\">\n\t\t\t\t<div class=\"elementor-widget-container\">\n\t\t\t\t\t\t\t\t\t\t\t\t\t\t\t\t<a href=\"http:\/\/tegarmobel.com\/tegardlf\/wp-content\/uploads\/2021\/07\/QB_next_new_09_FRONT_web.jpg\" data-elementor-open-lightbox=\"yes\" data-e-action-hash=\"#elementor-action%3Aaction%3Dlightbox%26settings%3DeyJpZCI6MjgzMSwidXJsIjoiaHR0cHM6XC9cL3RlZ2FybW9iZWwuY29tXC90ZWdhcmRsZlwvd3AtY29udGVudFwvdXBsb2Fkc1wvMjAyMVwvMDdcL1FCX25leHRfbmV3XzA5X0ZST05UX3dlYi5qcGcifQ%3D%3D\">\n\t\t\t\t\t\t\t<img fetchpriority=\"high\" decoding=\"async\" width=\"1024\" height=\"640\" src=\"https:\/\/tegarmobel.com\/tegardlf\/wp-content\/uploads\/2021\/07\/QB_next_new_09_FRONT_web-1024x640.jpg\" class=\"attachment-large size-large wp-image-2831\" alt=\"\" srcset=\"https:\/\/tegarmobel.com\/tegardlf\/wp-content\/uploads\/2021\/07\/QB_next_new_09_FRONT_web-1024x640.jpg 1024w, https:\/\/tegarmobel.com\/tegardlf\/wp-content\/uploads\/2021\/07\/QB_next_new_09_FRONT_web-400x250.jpg 400w, https:\/\/tegarmobel.com\/tegardlf\/wp-content\/uploads\/2021\/07\/QB_next_new_09_FRONT_web-768x480.jpg 768w, https:\/\/tegarmobel.com\/tegardlf\/wp-content\/uploads\/2021\/07\/QB_next_new_09_FRONT_web-1536x960.jpg 1536w, https:\/\/tegarmobel.com\/tegardlf\/wp-content\/uploads\/2021\/07\/QB_next_new_09_FRONT_web.jpg 1920w\" sizes=\"(max-width: 1024px) 100vw, 1024px\" \/>\t\t\t\t\t\t\t\t<\/a>\n\t\t\t\t\t\t\t\t\t\t\t\t\t\t\t<\/div>\n\t\t\t\t<\/div>\n\t\t\t\t<div class=\"elementor-element elementor-element-5bf521b elementor-widget elementor-widget-image\" data-id=\"5bf521b\" data-element_type=\"widget\" data-e-type=\"widget\" data-widget_type=\"image.default\">\n\t\t\t\t<div class=\"elementor-widget-container\">\n\t\t\t\t\t\t\t\t\t\t\t\t\t\t\t\t<a href=\"http:\/\/tegarmobel.com\/tegardlf\/wp-content\/uploads\/2021\/07\/QBnext_new_09_ARM_01_web.jpg\" data-elementor-open-lightbox=\"yes\" data-e-action-hash=\"#elementor-action%3Aaction%3Dlightbox%26settings%3DeyJpZCI6MjgzMywidXJsIjoiaHR0cHM6XC9cL3RlZ2FybW9iZWwuY29tXC90ZWdhcmRsZlwvd3AtY29udGVudFwvdXBsb2Fkc1wvMjAyMVwvMDdcL1FCbmV4dF9uZXdfMDlfQVJNXzAxX3dlYi5qcGcifQ%3D%3D\">\n\t\t\t\t\t\t\t<img decoding=\"async\" width=\"819\" height=\"1024\" src=\"https:\/\/tegarmobel.com\/tegardlf\/wp-content\/uploads\/2021\/07\/QBnext_new_09_ARM_01_web-819x1024.jpg\" class=\"attachment-large size-large wp-image-2833\" alt=\"\" srcset=\"https:\/\/tegarmobel.com\/tegardlf\/wp-content\/uploads\/2021\/07\/QBnext_new_09_ARM_01_web-819x1024.jpg 819w, https:\/\/tegarmobel.com\/tegardlf\/wp-content\/uploads\/2021\/07\/QBnext_new_09_ARM_01_web-240x300.jpg 240w, https:\/\/tegarmobel.com\/tegardlf\/wp-content\/uploads\/2021\/07\/QBnext_new_09_ARM_01_web-768x960.jpg 768w, https:\/\/tegarmobel.com\/tegardlf\/wp-content\/uploads\/2021\/07\/QBnext_new_09_ARM_01_web.jpg 960w\" sizes=\"(max-width: 819px) 100vw, 819px\" \/>\t\t\t\t\t\t\t\t<\/a>\n\t\t\t\t\t\t\t\t\t\t\t\t\t\t\t<\/div>\n\t\t\t\t<\/div>\n\t\t\t\t\t<\/div>\n\t\t<\/div>\n\t\t\t\t<div class=\"elementor-column elementor-col-50 elementor-top-column elementor-element elementor-element-aed14fc\" data-id=\"aed14fc\" data-element_type=\"column\" data-e-type=\"column\" data-settings=\"{&quot;background_background&quot;:&quot;classic&quot;}\">\n\t\t\t<div class=\"elementor-widget-wrap elementor-element-populated\">\n\t\t\t\t\t\t<div class=\"elementor-element elementor-element-159abfc elementor-widget elementor-widget-text-editor\" data-id=\"159abfc\" data-element_type=\"widget\" data-e-type=\"widget\" data-widget_type=\"text-editor.default\">\n\t\t\t\t<div class=\"elementor-widget-container\">\n\t\t\t\t\t\t\t\t\t<h1><span style=\"font-family: gotham-light; font-size: 24pt;\">QBnext NEW 09<\/span><\/h1><h3>Compacto cama + cama extraible + cajones + armarios + escritorio<\/h3><h5><span style=\"font-family: gotham-light;\">menta, miel<\/span><\/h5><p><span style=\"font-size: 12pt;\">medidas: 500 x 100 x 242,8<\/span><\/p>\t\t\t\t\t\t\t\t<\/div>\n\t\t\t\t<\/div>\n\t\t\t\t<div class=\"elementor-element elementor-element-4d1859e elementor-widget elementor-widget-text-editor\" data-id=\"4d1859e\" data-element_type=\"widget\" data-e-type=\"widget\" data-widget_type=\"text-editor.default\">\n\t\t\t\t<div class=\"elementor-widget-container\">\n\t\t\t\t\t\t\t\t\t<p><span style=\"font-size: 14pt;\">Nueva, actualizada y completa composici\u00f3n compuesta por armario, compacto y mesa de estudio. El armario de 100cm dispone de 2 puertas lisas. Tambi\u00e9n contamos con otro armario de 50cm con altillo, hueco distanciador y m\u00f3dulo con 4 cajones. El compacto de 190x90cm cuenta con una cama extra\u00edble y una cajonera de 2 cajones. En la zona de estudio disponemos de un sobre de mesa de 120cm con lateral, que se apoya sobre una galer\u00eda sin puertas horizontal de 80cm.<\/span><\/p><p><span style=\"font-size: 14pt;\">#qbnext #qbnextnew #tegar #dormitoriosjuveniles #tegarhome<\/span><\/p>\t\t\t\t\t\t\t\t<\/div>\n\t\t\t\t<\/div>\n\t\t\t\t\t<\/div>\n\t\t<\/div>\n\t\t\t\t\t<\/div>\n\t\t<\/section>\n\t\t\t\t<section class=\"elementor-section elementor-top-section elementor-element elementor-element-574d8a4 elementor-section-boxed elementor-section-height-default elementor-section-height-default\" data-id=\"574d8a4\" data-element_type=\"section\" data-e-type=\"section\">\n\t\t\t\t\t\t<div class=\"elementor-container elementor-column-gap-default\">\n\t\t\t\t\t<div class=\"elementor-column elementor-col-50 elementor-top-column elementor-element elementor-element-18c020f\" data-id=\"18c020f\" data-element_type=\"column\" data-e-type=\"column\">\n\t\t\t<div class=\"elementor-widget-wrap elementor-element-populated\">\n\t\t\t\t\t\t<div class=\"elementor-element elementor-element-9bb6f7a elementor-widget elementor-widget-image\" data-id=\"9bb6f7a\" data-element_type=\"widget\" data-e-type=\"widget\" data-widget_type=\"image.default\">\n\t\t\t\t<div class=\"elementor-widget-container\">\n\t\t\t\t\t\t\t\t\t\t\t\t\t\t\t\t<a href=\"http:\/\/tegarmobel.com\/tegardlf\/wp-content\/uploads\/2021\/07\/QBnext_new_09_ARM_02_web.jpg\" data-elementor-open-lightbox=\"yes\" data-e-action-hash=\"#elementor-action%3Aaction%3Dlightbox%26settings%3DeyJpZCI6MjgzNywidXJsIjoiaHR0cHM6XC9cL3RlZ2FybW9iZWwuY29tXC90ZWdhcmRsZlwvd3AtY29udGVudFwvdXBsb2Fkc1wvMjAyMVwvMDdcL1FCbmV4dF9uZXdfMDlfQVJNXzAyX3dlYi5qcGcifQ%3D%3D\">\n\t\t\t\t\t\t\t<img decoding=\"async\" width=\"819\" height=\"1024\" src=\"https:\/\/tegarmobel.com\/tegardlf\/wp-content\/uploads\/2021\/07\/QBnext_new_09_ARM_02_web-819x1024.jpg\" class=\"attachment-large size-large wp-image-2837\" alt=\"\" srcset=\"https:\/\/tegarmobel.com\/tegardlf\/wp-content\/uploads\/2021\/07\/QBnext_new_09_ARM_02_web-819x1024.jpg 819w, https:\/\/tegarmobel.com\/tegardlf\/wp-content\/uploads\/2021\/07\/QBnext_new_09_ARM_02_web-240x300.jpg 240w, https:\/\/tegarmobel.com\/tegardlf\/wp-content\/uploads\/2021\/07\/QBnext_new_09_ARM_02_web-768x960.jpg 768w, https:\/\/tegarmobel.com\/tegardlf\/wp-content\/uploads\/2021\/07\/QBnext_new_09_ARM_02_web.jpg 960w\" sizes=\"(max-width: 819px) 100vw, 819px\" \/>\t\t\t\t\t\t\t\t<\/a>\n\t\t\t\t\t\t\t\t\t\t\t\t\t\t\t<\/div>\n\t\t\t\t<\/div>\n\t\t\t\t<div class=\"elementor-element elementor-element-00bc5e2 elementor-widget elementor-widget-image\" data-id=\"00bc5e2\" data-element_type=\"widget\" data-e-type=\"widget\" data-widget_type=\"image.default\">\n\t\t\t\t<div class=\"elementor-widget-container\">\n\t\t\t\t\t\t\t\t\t\t\t\t\t\t\t\t<a href=\"http:\/\/tegarmobel.com\/tegardlf\/wp-content\/uploads\/2021\/07\/QBnext_new_09_ESCR_LAT_web.jpg\" data-elementor-open-lightbox=\"yes\" data-e-action-hash=\"#elementor-action%3Aaction%3Dlightbox%26settings%3DeyJpZCI6MjgzOSwidXJsIjoiaHR0cHM6XC9cL3RlZ2FybW9iZWwuY29tXC90ZWdhcmRsZlwvd3AtY29udGVudFwvdXBsb2Fkc1wvMjAyMVwvMDdcL1FCbmV4dF9uZXdfMDlfRVNDUl9MQVRfd2ViLmpwZyJ9\">\n\t\t\t\t\t\t\t<img loading=\"lazy\" decoding=\"async\" width=\"819\" height=\"1024\" src=\"https:\/\/tegarmobel.com\/tegardlf\/wp-content\/uploads\/2021\/07\/QBnext_new_09_ESCR_LAT_web-819x1024.jpg\" class=\"attachment-large size-large wp-image-2839\" alt=\"\" srcset=\"https:\/\/tegarmobel.com\/tegardlf\/wp-content\/uploads\/2021\/07\/QBnext_new_09_ESCR_LAT_web-819x1024.jpg 819w, https:\/\/tegarmobel.com\/tegardlf\/wp-content\/uploads\/2021\/07\/QBnext_new_09_ESCR_LAT_web-240x300.jpg 240w, https:\/\/tegarmobel.com\/tegardlf\/wp-content\/uploads\/2021\/07\/QBnext_new_09_ESCR_LAT_web-768x960.jpg 768w, https:\/\/tegarmobel.com\/tegardlf\/wp-content\/uploads\/2021\/07\/QBnext_new_09_ESCR_LAT_web.jpg 960w\" sizes=\"(max-width: 819px) 100vw, 819px\" \/>\t\t\t\t\t\t\t\t<\/a>\n\t\t\t\t\t\t\t\t\t\t\t\t\t\t\t<\/div>\n\t\t\t\t<\/div>\n\t\t\t\t\t<\/div>\n\t\t<\/div>\n\t\t\t\t<div class=\"elementor-column elementor-col-50 elementor-top-column elementor-element elementor-element-d43548a\" data-id=\"d43548a\" data-element_type=\"column\" data-e-type=\"column\">\n\t\t\t<div class=\"elementor-widget-wrap elementor-element-populated\">\n\t\t\t\t\t\t<div class=\"elementor-element elementor-element-a7c9e9d elementor-widget elementor-widget-image\" data-id=\"a7c9e9d\" data-element_type=\"widget\" data-e-type=\"widget\" data-widget_type=\"image.default\">\n\t\t\t\t<div class=\"elementor-widget-container\">\n\t\t\t\t\t\t\t\t\t\t\t\t\t\t\t\t<a href=\"http:\/\/tegarmobel.com\/tegardlf\/wp-content\/uploads\/2021\/07\/QBnext_new_09_CAMA-EXTR_web.jpg\" data-elementor-open-lightbox=\"yes\" data-e-action-hash=\"#elementor-action%3Aaction%3Dlightbox%26settings%3DeyJpZCI6MjgzOCwidXJsIjoiaHR0cHM6XC9cL3RlZ2FybW9iZWwuY29tXC90ZWdhcmRsZlwvd3AtY29udGVudFwvdXBsb2Fkc1wvMjAyMVwvMDdcL1FCbmV4dF9uZXdfMDlfQ0FNQS1FWFRSX3dlYi5qcGcifQ%3D%3D\">\n\t\t\t\t\t\t\t<img loading=\"lazy\" decoding=\"async\" width=\"819\" height=\"1024\" src=\"https:\/\/tegarmobel.com\/tegardlf\/wp-content\/uploads\/2021\/07\/QBnext_new_09_CAMA-EXTR_web-819x1024.jpg\" class=\"attachment-large size-large wp-image-2838\" alt=\"\" srcset=\"https:\/\/tegarmobel.com\/tegardlf\/wp-content\/uploads\/2021\/07\/QBnext_new_09_CAMA-EXTR_web-819x1024.jpg 819w, https:\/\/tegarmobel.com\/tegardlf\/wp-content\/uploads\/2021\/07\/QBnext_new_09_CAMA-EXTR_web-240x300.jpg 240w, https:\/\/tegarmobel.com\/tegardlf\/wp-content\/uploads\/2021\/07\/QBnext_new_09_CAMA-EXTR_web-768x960.jpg 768w, https:\/\/tegarmobel.com\/tegardlf\/wp-content\/uploads\/2021\/07\/QBnext_new_09_CAMA-EXTR_web.jpg 960w\" sizes=\"(max-width: 819px) 100vw, 819px\" \/>\t\t\t\t\t\t\t\t<\/a>\n\t\t\t\t\t\t\t\t\t\t\t\t\t\t\t<\/div>\n\t\t\t\t<\/div>\n\t\t\t\t<div class=\"elementor-element elementor-element-d2254c8 elementor-widget elementor-widget-image\" data-id=\"d2254c8\" data-element_type=\"widget\" data-e-type=\"widget\" data-widget_type=\"image.default\">\n\t\t\t\t<div class=\"elementor-widget-container\">\n\t\t\t\t\t\t\t\t\t\t\t\t\t\t\t\t<a href=\"http:\/\/tegarmobel.com\/tegardlf\/wp-content\/uploads\/2021\/07\/QB_next_new_09_ESCR_FRONT_web.jpg\" data-elementor-open-lightbox=\"yes\" data-e-action-hash=\"#elementor-action%3Aaction%3Dlightbox%26settings%3DeyJpZCI6Mjg0MCwidXJsIjoiaHR0cHM6XC9cL3RlZ2FybW9iZWwuY29tXC90ZWdhcmRsZlwvd3AtY29udGVudFwvdXBsb2Fkc1wvMjAyMVwvMDdcL1FCX25leHRfbmV3XzA5X0VTQ1JfRlJPTlRfd2ViLmpwZyJ9\">\n\t\t\t\t\t\t\t<img loading=\"lazy\" decoding=\"async\" width=\"819\" height=\"1024\" src=\"https:\/\/tegarmobel.com\/tegardlf\/wp-content\/uploads\/2021\/07\/QB_next_new_09_ESCR_FRONT_web-819x1024.jpg\" class=\"attachment-large size-large wp-image-2840\" alt=\"\" srcset=\"https:\/\/tegarmobel.com\/tegardlf\/wp-content\/uploads\/2021\/07\/QB_next_new_09_ESCR_FRONT_web-819x1024.jpg 819w, https:\/\/tegarmobel.com\/tegardlf\/wp-content\/uploads\/2021\/07\/QB_next_new_09_ESCR_FRONT_web-240x300.jpg 240w, https:\/\/tegarmobel.com\/tegardlf\/wp-content\/uploads\/2021\/07\/QB_next_new_09_ESCR_FRONT_web-768x960.jpg 768w, https:\/\/tegarmobel.com\/tegardlf\/wp-content\/uploads\/2021\/07\/QB_next_new_09_ESCR_FRONT_web.jpg 960w\" sizes=\"(max-width: 819px) 100vw, 819px\" \/>\t\t\t\t\t\t\t\t<\/a>\n\t\t\t\t\t\t\t\t\t\t\t\t\t\t\t<\/div>\n\t\t\t\t<\/div>\n\t\t\t\t\t<\/div>\n\t\t<\/div>\n\t\t\t\t\t<\/div>\n\t\t<\/section>\n\t\t\t\t<section class=\"elementor-section elementor-top-section elementor-element elementor-element-70d2c85 elementor-section-boxed elementor-section-height-default elementor-section-height-default\" data-id=\"70d2c85\" data-element_type=\"section\" data-e-type=\"section\">\n\t\t\t\t\t\t<div class=\"elementor-container elementor-column-gap-default\">\n\t\t\t\t\t<div class=\"elementor-column elementor-col-100 elementor-top-column elementor-element elementor-element-690b098\" data-id=\"690b098\" data-element_type=\"column\" data-e-type=\"column\">\n\t\t\t<div class=\"elementor-widget-wrap elementor-element-populated\">\n\t\t\t\t\t\t<div class=\"elementor-element elementor-element-8dbb632 elementor-widget elementor-widget-spacer\" data-id=\"8dbb632\" data-element_type=\"widget\" data-e-type=\"widget\" data-widget_type=\"spacer.default\">\n\t\t\t\t<div class=\"elementor-widget-container\">\n\t\t\t\t\t\t\t<div class=\"elementor-spacer\">\n\t\t\t<div class=\"elementor-spacer-inner\"><\/div>\n\t\t<\/div>\n\t\t\t\t\t\t<\/div>\n\t\t\t\t<\/div>\n\t\t\t\t\t<\/div>\n\t\t<\/div>\n\t\t\t\t\t<\/div>\n\t\t<\/section>\n\t\t\t\t<\/div>\n\t\t","protected":false},"excerpt":{"rendered":"<p>QBnext NEW 09 Compacto cama + cama extraible + cajones + armarios + escritorio menta, miel medidas: 500 x 100 x 242,8 Nueva, actualizada y completa composici\u00f3n compuesta por armario, compacto y mesa de estudio. El armario de 100cm dispone de 2 puertas lisas. Tambi\u00e9n contamos con otro armario de 50cm con altillo, hueco distanciador [&hellip;]<\/p>\n","protected":false},"author":1,"featured_media":0,"parent":0,"menu_order":0,"comment_status":"closed","ping_status":"closed","template":"","meta":{"ocean_post_layout":"","ocean_both_sidebars_style":"","ocean_both_sidebars_content_width":0,"ocean_both_sidebars_sidebars_width":0,"ocean_sidebar":"0","ocean_second_sidebar":"0","ocean_disable_margins":"enable","ocean_add_body_class":"","ocean_shortcode_before_top_bar":"","ocean_shortcode_after_top_bar":"","ocean_shortcode_before_header":"","ocean_shortcode_after_header":"","ocean_has_shortcode":"","ocean_shortcode_after_title":"","ocean_shortcode_before_footer_widgets":"","ocean_shortcode_after_footer_widgets":"","ocean_shortcode_before_footer_bottom":"","ocean_shortcode_after_footer_bottom":"","ocean_display_top_bar":"default","ocean_display_header":"default","ocean_header_style":"","ocean_center_header_left_menu":"0","ocean_custom_header_template":"0","ocean_custom_logo":0,"ocean_custom_retina_logo":0,"ocean_custom_logo_max_width":0,"ocean_custom_logo_tablet_max_width":0,"ocean_custom_logo_mobile_max_width":0,"ocean_custom_logo_max_height":0,"ocean_custom_logo_tablet_max_height":0,"ocean_custom_logo_mobile_max_height":0,"ocean_header_custom_menu":"0","ocean_menu_typo_font_family":"0","ocean_menu_typo_font_subset":"","ocean_menu_typo_font_size":0,"ocean_menu_typo_font_size_tablet":0,"ocean_menu_typo_font_size_mobile":0,"ocean_menu_typo_font_size_unit":"px","ocean_menu_typo_font_weight":"","ocean_menu_typo_font_weight_tablet":"","ocean_menu_typo_font_weight_mobile":"","ocean_menu_typo_transform":"","ocean_menu_typo_transform_tablet":"","ocean_menu_typo_transform_mobile":"","ocean_menu_typo_line_height":0,"ocean_menu_typo_line_height_tablet":0,"ocean_menu_typo_line_height_mobile":0,"ocean_menu_typo_line_height_unit":"","ocean_menu_typo_spacing":0,"ocean_menu_typo_spacing_tablet":0,"ocean_menu_typo_spacing_mobile":0,"ocean_menu_typo_spacing_unit":"","ocean_menu_link_color":"","ocean_menu_link_color_hover":"","ocean_menu_link_color_active":"","ocean_menu_link_background":"","ocean_menu_link_hover_background":"","ocean_menu_link_active_background":"","ocean_menu_social_links_bg":"","ocean_menu_social_hover_links_bg":"","ocean_menu_social_links_color":"","ocean_menu_social_hover_links_color":"","ocean_disable_title":"default","ocean_disable_heading":"default","ocean_post_title":"","ocean_post_subheading":"","ocean_post_title_style":"","ocean_post_title_background_color":"","ocean_post_title_background":0,"ocean_post_title_bg_image_position":"","ocean_post_title_bg_image_attachment":"","ocean_post_title_bg_image_repeat":"","ocean_post_title_bg_image_size":"","ocean_post_title_height":0,"ocean_post_title_bg_overlay":0.5,"ocean_post_title_bg_overlay_color":"","ocean_disable_breadcrumbs":"default","ocean_breadcrumbs_color":"","ocean_breadcrumbs_separator_color":"","ocean_breadcrumbs_links_color":"","ocean_breadcrumbs_links_hover_color":"","ocean_display_footer_widgets":"default","ocean_display_footer_bottom":"default","ocean_custom_footer_template":"0","footnotes":""},"class_list":["post-2825","page","type-page","status-publish","hentry","entry"],"yoast_head":"<!-- This site is optimized with the Yoast SEO plugin v27.3 - https:\/\/yoast.com\/product\/yoast-seo-wordpress\/ -->\n<title>QBnext_new_09 - Tegar Daily Life Furniture<\/title>\n<meta name=\"robots\" content=\"index, follow, max-snippet:-1, max-image-preview:large, max-video-preview:-1\" \/>\n<link rel=\"canonical\" href=\"https:\/\/tegarmobel.com\/tegardlf\/qbnext_new_09\/\" \/>\n<meta property=\"og:locale\" content=\"es_ES\" \/>\n<meta property=\"og:type\" content=\"article\" \/>\n<meta property=\"og:title\" content=\"QBnext_new_09 - Tegar Daily Life Furniture\" \/>\n<meta property=\"og:description\" content=\"QBnext NEW 09 Compacto cama + cama extraible + cajones + armarios + escritorio menta, miel medidas: 500 x 100 x 242,8 Nueva, actualizada y completa composici\u00f3n compuesta por armario, compacto y mesa de estudio. El armario de 100cm dispone de 2 puertas lisas. Tambi\u00e9n contamos con otro armario de 50cm con altillo, hueco distanciador [&hellip;]\" \/>\n<meta property=\"og:url\" content=\"https:\/\/tegarmobel.com\/tegardlf\/qbnext_new_09\/\" \/>\n<meta property=\"og:site_name\" content=\"Tegar Daily Life Furniture\" \/>\n<meta property=\"article:modified_time\" content=\"2022-05-17T08:36:47+00:00\" \/>\n<meta property=\"og:image\" content=\"https:\/\/tegarmobel.com\/tegardlf\/wp-content\/uploads\/2021\/07\/QB_next_new_09_FRONT_web.jpg\" \/>\n\t<meta property=\"og:image:width\" content=\"1920\" \/>\n\t<meta property=\"og:image:height\" content=\"1200\" \/>\n\t<meta property=\"og:image:type\" content=\"image\/jpeg\" \/>\n<meta name=\"twitter:card\" content=\"summary_large_image\" \/>\n<script type=\"application\/ld+json\" class=\"yoast-schema-graph\">{\"@context\":\"https:\\\/\\\/schema.org\",\"@graph\":[{\"@type\":\"WebPage\",\"@id\":\"https:\\\/\\\/tegarmobel.com\\\/tegardlf\\\/qbnext_new_09\\\/\",\"url\":\"https:\\\/\\\/tegarmobel.com\\\/tegardlf\\\/qbnext_new_09\\\/\",\"name\":\"QBnext_new_09 - Tegar Daily Life Furniture\",\"isPartOf\":{\"@id\":\"https:\\\/\\\/tegarmobel.com\\\/tegardlf\\\/#website\"},\"primaryImageOfPage\":{\"@id\":\"https:\\\/\\\/tegarmobel.com\\\/tegardlf\\\/qbnext_new_09\\\/#primaryimage\"},\"image\":{\"@id\":\"https:\\\/\\\/tegarmobel.com\\\/tegardlf\\\/qbnext_new_09\\\/#primaryimage\"},\"thumbnailUrl\":\"https:\\\/\\\/tegarmobel.com\\\/tegardlf\\\/wp-content\\\/uploads\\\/2021\\\/07\\\/QB_next_new_09_FRONT_web-1024x640.jpg\",\"datePublished\":\"2021-07-06T05:56:45+00:00\",\"dateModified\":\"2022-05-17T08:36:47+00:00\",\"breadcrumb\":{\"@id\":\"https:\\\/\\\/tegarmobel.com\\\/tegardlf\\\/qbnext_new_09\\\/#breadcrumb\"},\"inLanguage\":\"es\",\"potentialAction\":[{\"@type\":\"ReadAction\",\"target\":[\"https:\\\/\\\/tegarmobel.com\\\/tegardlf\\\/qbnext_new_09\\\/\"]}]},{\"@type\":\"ImageObject\",\"inLanguage\":\"es\",\"@id\":\"https:\\\/\\\/tegarmobel.com\\\/tegardlf\\\/qbnext_new_09\\\/#primaryimage\",\"url\":\"https:\\\/\\\/tegarmobel.com\\\/tegardlf\\\/wp-content\\\/uploads\\\/2021\\\/07\\\/QB_next_new_09_FRONT_web.jpg\",\"contentUrl\":\"https:\\\/\\\/tegarmobel.com\\\/tegardlf\\\/wp-content\\\/uploads\\\/2021\\\/07\\\/QB_next_new_09_FRONT_web.jpg\",\"width\":1920,\"height\":1200},{\"@type\":\"BreadcrumbList\",\"@id\":\"https:\\\/\\\/tegarmobel.com\\\/tegardlf\\\/qbnext_new_09\\\/#breadcrumb\",\"itemListElement\":[{\"@type\":\"ListItem\",\"position\":1,\"name\":\"Portada\",\"item\":\"https:\\\/\\\/tegarmobel.com\\\/tegardlf\\\/\"},{\"@type\":\"ListItem\",\"position\":2,\"name\":\"QBnext_new_09\"}]},{\"@type\":\"WebSite\",\"@id\":\"https:\\\/\\\/tegarmobel.com\\\/tegardlf\\\/#website\",\"url\":\"https:\\\/\\\/tegarmobel.com\\\/tegardlf\\\/\",\"name\":\"Tegar Daily Life Furniture\",\"description\":\"Tegar Daily Life Furniture\",\"publisher\":{\"@id\":\"https:\\\/\\\/tegarmobel.com\\\/tegardlf\\\/#organization\"},\"potentialAction\":[{\"@type\":\"SearchAction\",\"target\":{\"@type\":\"EntryPoint\",\"urlTemplate\":\"https:\\\/\\\/tegarmobel.com\\\/tegardlf\\\/?s={search_term_string}\"},\"query-input\":{\"@type\":\"PropertyValueSpecification\",\"valueRequired\":true,\"valueName\":\"search_term_string\"}}],\"inLanguage\":\"es\"},{\"@type\":\"Organization\",\"@id\":\"https:\\\/\\\/tegarmobel.com\\\/tegardlf\\\/#organization\",\"name\":\"Tegar Daily Life Furniture\",\"url\":\"https:\\\/\\\/tegarmobel.com\\\/tegardlf\\\/\",\"logo\":{\"@type\":\"ImageObject\",\"inLanguage\":\"es\",\"@id\":\"https:\\\/\\\/tegarmobel.com\\\/tegardlf\\\/#\\\/schema\\\/logo\\\/image\\\/\",\"url\":\"https:\\\/\\\/tegarmobel.com\\\/tegardlf\\\/wp-content\\\/uploads\\\/2021\\\/09\\\/Logo-tegar-web8.png\",\"contentUrl\":\"https:\\\/\\\/tegarmobel.com\\\/tegardlf\\\/wp-content\\\/uploads\\\/2021\\\/09\\\/Logo-tegar-web8.png\",\"width\":1000,\"height\":162,\"caption\":\"Tegar Daily Life Furniture\"},\"image\":{\"@id\":\"https:\\\/\\\/tegarmobel.com\\\/tegardlf\\\/#\\\/schema\\\/logo\\\/image\\\/\"}}]}<\/script>\n<!-- \/ Yoast SEO plugin. -->","yoast_head_json":{"title":"QBnext_new_09 - Tegar Daily Life Furniture","robots":{"index":"index","follow":"follow","max-snippet":"max-snippet:-1","max-image-preview":"max-image-preview:large","max-video-preview":"max-video-preview:-1"},"canonical":"https:\/\/tegarmobel.com\/tegardlf\/qbnext_new_09\/","og_locale":"es_ES","og_type":"article","og_title":"QBnext_new_09 - Tegar Daily Life Furniture","og_description":"QBnext NEW 09 Compacto cama + cama extraible + cajones + armarios + escritorio menta, miel medidas: 500 x 100 x 242,8 Nueva, actualizada y completa composici\u00f3n compuesta por armario, compacto y mesa de estudio. El armario de 100cm dispone de 2 puertas lisas. Tambi\u00e9n contamos con otro armario de 50cm con altillo, hueco distanciador [&hellip;]","og_url":"https:\/\/tegarmobel.com\/tegardlf\/qbnext_new_09\/","og_site_name":"Tegar Daily Life Furniture","article_modified_time":"2022-05-17T08:36:47+00:00","og_image":[{"width":1920,"height":1200,"url":"https:\/\/tegarmobel.com\/tegardlf\/wp-content\/uploads\/2021\/07\/QB_next_new_09_FRONT_web.jpg","type":"image\/jpeg"}],"twitter_card":"summary_large_image","schema":{"@context":"https:\/\/schema.org","@graph":[{"@type":"WebPage","@id":"https:\/\/tegarmobel.com\/tegardlf\/qbnext_new_09\/","url":"https:\/\/tegarmobel.com\/tegardlf\/qbnext_new_09\/","name":"QBnext_new_09 - Tegar Daily Life Furniture","isPartOf":{"@id":"https:\/\/tegarmobel.com\/tegardlf\/#website"},"primaryImageOfPage":{"@id":"https:\/\/tegarmobel.com\/tegardlf\/qbnext_new_09\/#primaryimage"},"image":{"@id":"https:\/\/tegarmobel.com\/tegardlf\/qbnext_new_09\/#primaryimage"},"thumbnailUrl":"https:\/\/tegarmobel.com\/tegardlf\/wp-content\/uploads\/2021\/07\/QB_next_new_09_FRONT_web-1024x640.jpg","datePublished":"2021-07-06T05:56:45+00:00","dateModified":"2022-05-17T08:36:47+00:00","breadcrumb":{"@id":"https:\/\/tegarmobel.com\/tegardlf\/qbnext_new_09\/#breadcrumb"},"inLanguage":"es","potentialAction":[{"@type":"ReadAction","target":["https:\/\/tegarmobel.com\/tegardlf\/qbnext_new_09\/"]}]},{"@type":"ImageObject","inLanguage":"es","@id":"https:\/\/tegarmobel.com\/tegardlf\/qbnext_new_09\/#primaryimage","url":"https:\/\/tegarmobel.com\/tegardlf\/wp-content\/uploads\/2021\/07\/QB_next_new_09_FRONT_web.jpg","contentUrl":"https:\/\/tegarmobel.com\/tegardlf\/wp-content\/uploads\/2021\/07\/QB_next_new_09_FRONT_web.jpg","width":1920,"height":1200},{"@type":"BreadcrumbList","@id":"https:\/\/tegarmobel.com\/tegardlf\/qbnext_new_09\/#breadcrumb","itemListElement":[{"@type":"ListItem","position":1,"name":"Portada","item":"https:\/\/tegarmobel.com\/tegardlf\/"},{"@type":"ListItem","position":2,"name":"QBnext_new_09"}]},{"@type":"WebSite","@id":"https:\/\/tegarmobel.com\/tegardlf\/#website","url":"https:\/\/tegarmobel.com\/tegardlf\/","name":"Tegar Daily Life Furniture","description":"Tegar Daily Life Furniture","publisher":{"@id":"https:\/\/tegarmobel.com\/tegardlf\/#organization"},"potentialAction":[{"@type":"SearchAction","target":{"@type":"EntryPoint","urlTemplate":"https:\/\/tegarmobel.com\/tegardlf\/?s={search_term_string}"},"query-input":{"@type":"PropertyValueSpecification","valueRequired":true,"valueName":"search_term_string"}}],"inLanguage":"es"},{"@type":"Organization","@id":"https:\/\/tegarmobel.com\/tegardlf\/#organization","name":"Tegar Daily Life Furniture","url":"https:\/\/tegarmobel.com\/tegardlf\/","logo":{"@type":"ImageObject","inLanguage":"es","@id":"https:\/\/tegarmobel.com\/tegardlf\/#\/schema\/logo\/image\/","url":"https:\/\/tegarmobel.com\/tegardlf\/wp-content\/uploads\/2021\/09\/Logo-tegar-web8.png","contentUrl":"https:\/\/tegarmobel.com\/tegardlf\/wp-content\/uploads\/2021\/09\/Logo-tegar-web8.png","width":1000,"height":162,"caption":"Tegar Daily Life Furniture"},"image":{"@id":"https:\/\/tegarmobel.com\/tegardlf\/#\/schema\/logo\/image\/"}}]}},"_links":{"self":[{"href":"https:\/\/tegarmobel.com\/tegardlf\/wp-json\/wp\/v2\/pages\/2825","targetHints":{"allow":["GET"]}}],"collection":[{"href":"https:\/\/tegarmobel.com\/tegardlf\/wp-json\/wp\/v2\/pages"}],"about":[{"href":"https:\/\/tegarmobel.com\/tegardlf\/wp-json\/wp\/v2\/types\/page"}],"author":[{"embeddable":true,"href":"https:\/\/tegarmobel.com\/tegardlf\/wp-json\/wp\/v2\/users\/1"}],"replies":[{"embeddable":true,"href":"https:\/\/tegarmobel.com\/tegardlf\/wp-json\/wp\/v2\/comments?post=2825"}],"version-history":[{"count":16,"href":"https:\/\/tegarmobel.com\/tegardlf\/wp-json\/wp\/v2\/pages\/2825\/revisions"}],"predecessor-version":[{"id":4685,"href":"https:\/\/tegarmobel.com\/tegardlf\/wp-json\/wp\/v2\/pages\/2825\/revisions\/4685"}],"wp:attachment":[{"href":"https:\/\/tegarmobel.com\/tegardlf\/wp-json\/wp\/v2\/media?parent=2825"}],"curies":[{"name":"wp","href":"https:\/\/api.w.org\/{rel}","templated":true}]}}