{"id":3726,"date":"2021-09-21T07:27:50","date_gmt":"2021-09-21T07:27:50","guid":{"rendered":"http:\/\/tegarmobel.com\/tegardlf\/?page_id=3726"},"modified":"2022-06-01T13:03:05","modified_gmt":"2022-06-01T13:03:05","slug":"qbnext_new_10","status":"publish","type":"page","link":"https:\/\/tegarmobel.com\/tegardlf\/qbnext_new_10\/","title":{"rendered":"QBnext_new_10"},"content":{"rendered":"\t\t<div data-elementor-type=\"wp-page\" data-elementor-id=\"3726\" class=\"elementor elementor-3726\">\n\t\t\t\t\t\t<section class=\"elementor-section elementor-top-section elementor-element elementor-element-ba0b454 elementor-section-boxed elementor-section-height-default elementor-section-height-default\" data-id=\"ba0b454\" data-element_type=\"section\" data-e-type=\"section\">\n\t\t\t\t\t\t<div class=\"elementor-container elementor-column-gap-default\">\n\t\t\t\t\t<div class=\"elementor-column elementor-col-50 elementor-top-column elementor-element elementor-element-3fe2f57\" data-id=\"3fe2f57\" data-element_type=\"column\" data-e-type=\"column\">\n\t\t\t<div class=\"elementor-widget-wrap elementor-element-populated\">\n\t\t\t\t\t\t<div class=\"elementor-element elementor-element-0bf7211 elementor-widget elementor-widget-image\" data-id=\"0bf7211\" data-element_type=\"widget\" data-e-type=\"widget\" data-widget_type=\"image.default\">\n\t\t\t\t<div class=\"elementor-widget-container\">\n\t\t\t\t\t\t\t\t\t\t\t\t\t\t\t\t<a href=\"http:\/\/tegarmobel.com\/tegardlf\/wp-content\/uploads\/2021\/09\/QBnext_new_10_01.jpg\" data-elementor-open-lightbox=\"yes\" data-e-action-hash=\"#elementor-action%3Aaction%3Dlightbox%26settings%3DeyJpZCI6MzcyOCwidXJsIjoiaHR0cHM6XC9cL3RlZ2FybW9iZWwuY29tXC90ZWdhcmRsZlwvd3AtY29udGVudFwvdXBsb2Fkc1wvMjAyMVwvMDlcL1FCbmV4dF9uZXdfMTBfMDEuanBnIn0%3D\">\n\t\t\t\t\t\t\t<img fetchpriority=\"high\" decoding=\"async\" width=\"1024\" height=\"576\" src=\"https:\/\/tegarmobel.com\/tegardlf\/wp-content\/uploads\/2021\/09\/QBnext_new_10_01-1024x576.jpg\" class=\"attachment-large size-large wp-image-3728\" alt=\"\" srcset=\"https:\/\/tegarmobel.com\/tegardlf\/wp-content\/uploads\/2021\/09\/QBnext_new_10_01-1024x576.jpg 1024w, https:\/\/tegarmobel.com\/tegardlf\/wp-content\/uploads\/2021\/09\/QBnext_new_10_01-400x225.jpg 400w, https:\/\/tegarmobel.com\/tegardlf\/wp-content\/uploads\/2021\/09\/QBnext_new_10_01-768x432.jpg 768w, https:\/\/tegarmobel.com\/tegardlf\/wp-content\/uploads\/2021\/09\/QBnext_new_10_01-1536x864.jpg 1536w, https:\/\/tegarmobel.com\/tegardlf\/wp-content\/uploads\/2021\/09\/QBnext_new_10_01-2048x1152.jpg 2048w\" sizes=\"(max-width: 1024px) 100vw, 1024px\" \/>\t\t\t\t\t\t\t\t<\/a>\n\t\t\t\t\t\t\t\t\t\t\t\t\t\t\t<\/div>\n\t\t\t\t<\/div>\n\t\t\t\t<div class=\"elementor-element elementor-element-d5ef47c elementor-widget elementor-widget-image\" data-id=\"d5ef47c\" data-element_type=\"widget\" data-e-type=\"widget\" data-widget_type=\"image.default\">\n\t\t\t\t<div class=\"elementor-widget-container\">\n\t\t\t\t\t\t\t\t\t\t\t\t\t\t\t\t<a href=\"http:\/\/tegarmobel.com\/tegardlf\/wp-content\/uploads\/2021\/09\/QBnext_new_10_02.jpg\" data-elementor-open-lightbox=\"yes\" data-e-action-hash=\"#elementor-action%3Aaction%3Dlightbox%26settings%3DeyJpZCI6MzcyOSwidXJsIjoiaHR0cHM6XC9cL3RlZ2FybW9iZWwuY29tXC90ZWdhcmRsZlwvd3AtY29udGVudFwvdXBsb2Fkc1wvMjAyMVwvMDlcL1FCbmV4dF9uZXdfMTBfMDIuanBnIn0%3D\">\n\t\t\t\t\t\t\t<img decoding=\"async\" width=\"1024\" height=\"576\" src=\"https:\/\/tegarmobel.com\/tegardlf\/wp-content\/uploads\/2021\/09\/QBnext_new_10_02-1024x576.jpg\" class=\"attachment-large size-large wp-image-3729\" alt=\"\" srcset=\"https:\/\/tegarmobel.com\/tegardlf\/wp-content\/uploads\/2021\/09\/QBnext_new_10_02-1024x576.jpg 1024w, https:\/\/tegarmobel.com\/tegardlf\/wp-content\/uploads\/2021\/09\/QBnext_new_10_02-400x225.jpg 400w, https:\/\/tegarmobel.com\/tegardlf\/wp-content\/uploads\/2021\/09\/QBnext_new_10_02-768x432.jpg 768w, https:\/\/tegarmobel.com\/tegardlf\/wp-content\/uploads\/2021\/09\/QBnext_new_10_02-1536x864.jpg 1536w, https:\/\/tegarmobel.com\/tegardlf\/wp-content\/uploads\/2021\/09\/QBnext_new_10_02-2048x1152.jpg 2048w\" sizes=\"(max-width: 1024px) 100vw, 1024px\" \/>\t\t\t\t\t\t\t\t<\/a>\n\t\t\t\t\t\t\t\t\t\t\t\t\t\t\t<\/div>\n\t\t\t\t<\/div>\n\t\t\t\t\t<\/div>\n\t\t<\/div>\n\t\t\t\t<div class=\"elementor-column elementor-col-50 elementor-top-column elementor-element elementor-element-bf3f42c\" data-id=\"bf3f42c\" data-element_type=\"column\" data-e-type=\"column\" data-settings=\"{&quot;background_background&quot;:&quot;classic&quot;}\">\n\t\t\t<div class=\"elementor-widget-wrap elementor-element-populated\">\n\t\t\t\t\t\t<div class=\"elementor-element elementor-element-ebe7cb0 elementor-widget elementor-widget-text-editor\" data-id=\"ebe7cb0\" data-element_type=\"widget\" data-e-type=\"widget\" data-widget_type=\"text-editor.default\">\n\t\t\t\t<div class=\"elementor-widget-container\">\n\t\t\t\t\t\t\t\t\t<h1><span style=\"font-family: gotham-light; font-size: 24pt;\">QBnext NEW 10<\/span><\/h1><h3>Cama abatible con sof\u00e1 + armario + mesa estudio<\/h3><h5><span style=\"font-family: gotham-light;\">blanco mate, miel, lido 2<\/span><\/h5><p><span style=\"font-size: 12pt;\">medidas: 482 x 226,8 x 60<\/span><\/p>\t\t\t\t\t\t\t\t<\/div>\n\t\t\t\t<\/div>\n\t\t\t\t<div class=\"elementor-element elementor-element-ceec8f3 elementor-widget elementor-widget-text-editor\" data-id=\"ceec8f3\" data-element_type=\"widget\" data-e-type=\"widget\" data-widget_type=\"text-editor.default\">\n\t\t\t\t<div class=\"elementor-widget-container\">\n\t\t\t\t\t\t\t\t\t<p><span style=\"font-size: 14pt;\">Nueva composici\u00f3n formada por una cama abatible con sof\u00e1, armario de 2 puertas, 2 sobres de mesa estudio con trasera superior, m\u00f3dulos bajos y altillos. Resulta ideal para zonas de paso, buhardillas, habitaciones de invitados y espacios con m\u00faltiples usos.<br \/><br \/><\/span><\/p>\t\t\t\t\t\t\t\t<\/div>\n\t\t\t\t<\/div>\n\t\t\t\t\t<\/div>\n\t\t<\/div>\n\t\t\t\t\t<\/div>\n\t\t<\/section>\n\t\t\t\t<section class=\"elementor-section elementor-top-section elementor-element elementor-element-d5c6e6a elementor-section-boxed elementor-section-height-default elementor-section-height-default\" data-id=\"d5c6e6a\" data-element_type=\"section\" data-e-type=\"section\">\n\t\t\t\t\t\t<div class=\"elementor-container elementor-column-gap-default\">\n\t\t\t\t\t<div class=\"elementor-column elementor-col-50 elementor-top-column elementor-element elementor-element-1b87c32\" data-id=\"1b87c32\" data-element_type=\"column\" data-e-type=\"column\">\n\t\t\t<div class=\"elementor-widget-wrap elementor-element-populated\">\n\t\t\t\t\t\t<div class=\"elementor-element elementor-element-a29bdcd elementor-widget elementor-widget-image\" data-id=\"a29bdcd\" data-element_type=\"widget\" data-e-type=\"widget\" data-widget_type=\"image.default\">\n\t\t\t\t<div class=\"elementor-widget-container\">\n\t\t\t\t\t\t\t\t\t\t\t\t\t\t\t\t<a href=\"http:\/\/tegarmobel.com\/tegardlf\/wp-content\/uploads\/2021\/09\/QBnext_new_10_03.jpg\" data-elementor-open-lightbox=\"yes\" data-e-action-hash=\"#elementor-action%3Aaction%3Dlightbox%26settings%3DeyJpZCI6MzczMCwidXJsIjoiaHR0cHM6XC9cL3RlZ2FybW9iZWwuY29tXC90ZWdhcmRsZlwvd3AtY29udGVudFwvdXBsb2Fkc1wvMjAyMVwvMDlcL1FCbmV4dF9uZXdfMTBfMDMuanBnIn0%3D\">\n\t\t\t\t\t\t\t<img decoding=\"async\" width=\"819\" height=\"1024\" src=\"https:\/\/tegarmobel.com\/tegardlf\/wp-content\/uploads\/2021\/09\/QBnext_new_10_03-819x1024.jpg\" class=\"attachment-large size-large wp-image-3730\" alt=\"\" srcset=\"https:\/\/tegarmobel.com\/tegardlf\/wp-content\/uploads\/2021\/09\/QBnext_new_10_03-819x1024.jpg 819w, https:\/\/tegarmobel.com\/tegardlf\/wp-content\/uploads\/2021\/09\/QBnext_new_10_03-240x300.jpg 240w, https:\/\/tegarmobel.com\/tegardlf\/wp-content\/uploads\/2021\/09\/QBnext_new_10_03-768x960.jpg 768w, https:\/\/tegarmobel.com\/tegardlf\/wp-content\/uploads\/2021\/09\/QBnext_new_10_03-1229x1536.jpg 1229w, https:\/\/tegarmobel.com\/tegardlf\/wp-content\/uploads\/2021\/09\/QBnext_new_10_03.jpg 1600w\" sizes=\"(max-width: 819px) 100vw, 819px\" \/>\t\t\t\t\t\t\t\t<\/a>\n\t\t\t\t\t\t\t\t\t\t\t\t\t\t\t<\/div>\n\t\t\t\t<\/div>\n\t\t\t\t<div class=\"elementor-element elementor-element-5b640bc elementor-widget elementor-widget-image\" data-id=\"5b640bc\" data-element_type=\"widget\" data-e-type=\"widget\" data-widget_type=\"image.default\">\n\t\t\t\t<div class=\"elementor-widget-container\">\n\t\t\t\t\t\t\t\t\t\t\t\t\t\t\t\t<a href=\"http:\/\/tegarmobel.com\/tegardlf\/wp-content\/uploads\/2021\/09\/QBnext_new_10_05.jpg\" data-elementor-open-lightbox=\"yes\" data-e-action-hash=\"#elementor-action%3Aaction%3Dlightbox%26settings%3DeyJpZCI6MzczMiwidXJsIjoiaHR0cHM6XC9cL3RlZ2FybW9iZWwuY29tXC90ZWdhcmRsZlwvd3AtY29udGVudFwvdXBsb2Fkc1wvMjAyMVwvMDlcL1FCbmV4dF9uZXdfMTBfMDUuanBnIn0%3D\">\n\t\t\t\t\t\t\t<img loading=\"lazy\" decoding=\"async\" width=\"819\" height=\"1024\" src=\"https:\/\/tegarmobel.com\/tegardlf\/wp-content\/uploads\/2021\/09\/QBnext_new_10_05-819x1024.jpg\" class=\"attachment-large size-large wp-image-3732\" alt=\"\" srcset=\"https:\/\/tegarmobel.com\/tegardlf\/wp-content\/uploads\/2021\/09\/QBnext_new_10_05-819x1024.jpg 819w, https:\/\/tegarmobel.com\/tegardlf\/wp-content\/uploads\/2021\/09\/QBnext_new_10_05-240x300.jpg 240w, https:\/\/tegarmobel.com\/tegardlf\/wp-content\/uploads\/2021\/09\/QBnext_new_10_05-768x960.jpg 768w, https:\/\/tegarmobel.com\/tegardlf\/wp-content\/uploads\/2021\/09\/QBnext_new_10_05-1229x1536.jpg 1229w, https:\/\/tegarmobel.com\/tegardlf\/wp-content\/uploads\/2021\/09\/QBnext_new_10_05.jpg 1600w\" sizes=\"(max-width: 819px) 100vw, 819px\" \/>\t\t\t\t\t\t\t\t<\/a>\n\t\t\t\t\t\t\t\t\t\t\t\t\t\t\t<\/div>\n\t\t\t\t<\/div>\n\t\t\t\t\t<\/div>\n\t\t<\/div>\n\t\t\t\t<div class=\"elementor-column elementor-col-50 elementor-top-column elementor-element elementor-element-4311c17\" data-id=\"4311c17\" data-element_type=\"column\" data-e-type=\"column\">\n\t\t\t<div class=\"elementor-widget-wrap elementor-element-populated\">\n\t\t\t\t\t\t<div class=\"elementor-element elementor-element-2e13fa6 elementor-widget elementor-widget-image\" data-id=\"2e13fa6\" data-element_type=\"widget\" data-e-type=\"widget\" data-widget_type=\"image.default\">\n\t\t\t\t<div class=\"elementor-widget-container\">\n\t\t\t\t\t\t\t\t\t\t\t\t\t\t\t\t<a href=\"http:\/\/tegarmobel.com\/tegardlf\/wp-content\/uploads\/2021\/09\/QBnext_new_10_06.jpg\" data-elementor-open-lightbox=\"yes\" data-e-action-hash=\"#elementor-action%3Aaction%3Dlightbox%26settings%3DeyJpZCI6MzczMywidXJsIjoiaHR0cHM6XC9cL3RlZ2FybW9iZWwuY29tXC90ZWdhcmRsZlwvd3AtY29udGVudFwvdXBsb2Fkc1wvMjAyMVwvMDlcL1FCbmV4dF9uZXdfMTBfMDYuanBnIn0%3D\">\n\t\t\t\t\t\t\t<img loading=\"lazy\" decoding=\"async\" width=\"819\" height=\"1024\" src=\"https:\/\/tegarmobel.com\/tegardlf\/wp-content\/uploads\/2021\/09\/QBnext_new_10_06-819x1024.jpg\" class=\"attachment-large size-large wp-image-3733\" alt=\"\" srcset=\"https:\/\/tegarmobel.com\/tegardlf\/wp-content\/uploads\/2021\/09\/QBnext_new_10_06-819x1024.jpg 819w, https:\/\/tegarmobel.com\/tegardlf\/wp-content\/uploads\/2021\/09\/QBnext_new_10_06-240x300.jpg 240w, https:\/\/tegarmobel.com\/tegardlf\/wp-content\/uploads\/2021\/09\/QBnext_new_10_06-768x960.jpg 768w, https:\/\/tegarmobel.com\/tegardlf\/wp-content\/uploads\/2021\/09\/QBnext_new_10_06-1229x1536.jpg 1229w, https:\/\/tegarmobel.com\/tegardlf\/wp-content\/uploads\/2021\/09\/QBnext_new_10_06.jpg 1600w\" sizes=\"(max-width: 819px) 100vw, 819px\" \/>\t\t\t\t\t\t\t\t<\/a>\n\t\t\t\t\t\t\t\t\t\t\t\t\t\t\t<\/div>\n\t\t\t\t<\/div>\n\t\t\t\t<div class=\"elementor-element elementor-element-4b7d804 elementor-widget elementor-widget-image\" data-id=\"4b7d804\" data-element_type=\"widget\" data-e-type=\"widget\" data-widget_type=\"image.default\">\n\t\t\t\t<div class=\"elementor-widget-container\">\n\t\t\t\t\t\t\t\t\t\t\t\t\t\t\t\t<a href=\"http:\/\/tegarmobel.com\/tegardlf\/wp-content\/uploads\/2021\/09\/QBnext_new_10_04.jpg\" data-elementor-open-lightbox=\"yes\" data-e-action-hash=\"#elementor-action%3Aaction%3Dlightbox%26settings%3DeyJpZCI6MzczMSwidXJsIjoiaHR0cHM6XC9cL3RlZ2FybW9iZWwuY29tXC90ZWdhcmRsZlwvd3AtY29udGVudFwvdXBsb2Fkc1wvMjAyMVwvMDlcL1FCbmV4dF9uZXdfMTBfMDQuanBnIn0%3D\">\n\t\t\t\t\t\t\t<img loading=\"lazy\" decoding=\"async\" width=\"819\" height=\"1024\" src=\"https:\/\/tegarmobel.com\/tegardlf\/wp-content\/uploads\/2021\/09\/QBnext_new_10_04-819x1024.jpg\" class=\"attachment-large size-large wp-image-3731\" alt=\"\" srcset=\"https:\/\/tegarmobel.com\/tegardlf\/wp-content\/uploads\/2021\/09\/QBnext_new_10_04-819x1024.jpg 819w, https:\/\/tegarmobel.com\/tegardlf\/wp-content\/uploads\/2021\/09\/QBnext_new_10_04-240x300.jpg 240w, https:\/\/tegarmobel.com\/tegardlf\/wp-content\/uploads\/2021\/09\/QBnext_new_10_04-768x960.jpg 768w, https:\/\/tegarmobel.com\/tegardlf\/wp-content\/uploads\/2021\/09\/QBnext_new_10_04-1229x1536.jpg 1229w, https:\/\/tegarmobel.com\/tegardlf\/wp-content\/uploads\/2021\/09\/QBnext_new_10_04.jpg 1600w\" sizes=\"(max-width: 819px) 100vw, 819px\" \/>\t\t\t\t\t\t\t\t<\/a>\n\t\t\t\t\t\t\t\t\t\t\t\t\t\t\t<\/div>\n\t\t\t\t<\/div>\n\t\t\t\t\t<\/div>\n\t\t<\/div>\n\t\t\t\t\t<\/div>\n\t\t<\/section>\n\t\t\t\t<\/div>\n\t\t","protected":false},"excerpt":{"rendered":"<p>QBnext NEW 10 Cama abatible con sof\u00e1 + armario + mesa estudio blanco mate, miel, lido 2 medidas: 482 x 226,8 x 60 Nueva composici\u00f3n formada por una cama abatible con sof\u00e1, armario de 2 puertas, 2 sobres de mesa estudio con trasera superior, m\u00f3dulos bajos y altillos. Resulta ideal para zonas de paso, buhardillas, [&hellip;]<\/p>\n","protected":false},"author":1,"featured_media":0,"parent":0,"menu_order":0,"comment_status":"closed","ping_status":"closed","template":"","meta":{"ocean_post_layout":"","ocean_both_sidebars_style":"","ocean_both_sidebars_content_width":0,"ocean_both_sidebars_sidebars_width":0,"ocean_sidebar":"0","ocean_second_sidebar":"0","ocean_disable_margins":"enable","ocean_add_body_class":"","ocean_shortcode_before_top_bar":"","ocean_shortcode_after_top_bar":"","ocean_shortcode_before_header":"","ocean_shortcode_after_header":"","ocean_has_shortcode":"","ocean_shortcode_after_title":"","ocean_shortcode_before_footer_widgets":"","ocean_shortcode_after_footer_widgets":"","ocean_shortcode_before_footer_bottom":"","ocean_shortcode_after_footer_bottom":"","ocean_display_top_bar":"default","ocean_display_header":"default","ocean_header_style":"","ocean_center_header_left_menu":"0","ocean_custom_header_template":"0","ocean_custom_logo":0,"ocean_custom_retina_logo":0,"ocean_custom_logo_max_width":0,"ocean_custom_logo_tablet_max_width":0,"ocean_custom_logo_mobile_max_width":0,"ocean_custom_logo_max_height":0,"ocean_custom_logo_tablet_max_height":0,"ocean_custom_logo_mobile_max_height":0,"ocean_header_custom_menu":"0","ocean_menu_typo_font_family":"0","ocean_menu_typo_font_subset":"","ocean_menu_typo_font_size":0,"ocean_menu_typo_font_size_tablet":0,"ocean_menu_typo_font_size_mobile":0,"ocean_menu_typo_font_size_unit":"px","ocean_menu_typo_font_weight":"","ocean_menu_typo_font_weight_tablet":"","ocean_menu_typo_font_weight_mobile":"","ocean_menu_typo_transform":"","ocean_menu_typo_transform_tablet":"","ocean_menu_typo_transform_mobile":"","ocean_menu_typo_line_height":0,"ocean_menu_typo_line_height_tablet":0,"ocean_menu_typo_line_height_mobile":0,"ocean_menu_typo_line_height_unit":"","ocean_menu_typo_spacing":0,"ocean_menu_typo_spacing_tablet":0,"ocean_menu_typo_spacing_mobile":0,"ocean_menu_typo_spacing_unit":"","ocean_menu_link_color":"","ocean_menu_link_color_hover":"","ocean_menu_link_color_active":"","ocean_menu_link_background":"","ocean_menu_link_hover_background":"","ocean_menu_link_active_background":"","ocean_menu_social_links_bg":"","ocean_menu_social_hover_links_bg":"","ocean_menu_social_links_color":"","ocean_menu_social_hover_links_color":"","ocean_disable_title":"default","ocean_disable_heading":"default","ocean_post_title":"","ocean_post_subheading":"","ocean_post_title_style":"","ocean_post_title_background_color":"","ocean_post_title_background":0,"ocean_post_title_bg_image_position":"","ocean_post_title_bg_image_attachment":"","ocean_post_title_bg_image_repeat":"","ocean_post_title_bg_image_size":"","ocean_post_title_height":0,"ocean_post_title_bg_overlay":0.5,"ocean_post_title_bg_overlay_color":"","ocean_disable_breadcrumbs":"default","ocean_breadcrumbs_color":"","ocean_breadcrumbs_separator_color":"","ocean_breadcrumbs_links_color":"","ocean_breadcrumbs_links_hover_color":"","ocean_display_footer_widgets":"default","ocean_display_footer_bottom":"default","ocean_custom_footer_template":"0","footnotes":""},"class_list":["post-3726","page","type-page","status-publish","hentry","entry"],"yoast_head":"<!-- This site is optimized with the Yoast SEO plugin v27.3 - https:\/\/yoast.com\/product\/yoast-seo-wordpress\/ -->\n<title>QBnext_new_10 - Tegar Daily Life Furniture<\/title>\n<meta name=\"robots\" content=\"index, follow, max-snippet:-1, max-image-preview:large, max-video-preview:-1\" \/>\n<link rel=\"canonical\" href=\"https:\/\/tegarmobel.com\/tegardlf\/qbnext_new_10\/\" \/>\n<meta property=\"og:locale\" content=\"es_ES\" \/>\n<meta property=\"og:type\" content=\"article\" \/>\n<meta property=\"og:title\" content=\"QBnext_new_10 - Tegar Daily Life Furniture\" \/>\n<meta property=\"og:description\" content=\"QBnext NEW 10 Cama abatible con sof\u00e1 + armario + mesa estudio blanco mate, miel, lido 2 medidas: 482 x 226,8 x 60 Nueva composici\u00f3n formada por una cama abatible con sof\u00e1, armario de 2 puertas, 2 sobres de mesa estudio con trasera superior, m\u00f3dulos bajos y altillos. Resulta ideal para zonas de paso, buhardillas, [&hellip;]\" \/>\n<meta property=\"og:url\" content=\"https:\/\/tegarmobel.com\/tegardlf\/qbnext_new_10\/\" \/>\n<meta property=\"og:site_name\" content=\"Tegar Daily Life Furniture\" \/>\n<meta property=\"article:modified_time\" content=\"2022-06-01T13:03:05+00:00\" \/>\n<meta property=\"og:image\" content=\"https:\/\/tegarmobel.com\/tegardlf\/wp-content\/uploads\/2021\/09\/QBnext_new_10_01.jpg\" \/>\n\t<meta property=\"og:image:width\" content=\"2134\" \/>\n\t<meta property=\"og:image:height\" content=\"1200\" \/>\n\t<meta property=\"og:image:type\" content=\"image\/jpeg\" \/>\n<meta name=\"twitter:card\" content=\"summary_large_image\" \/>\n<script type=\"application\/ld+json\" class=\"yoast-schema-graph\">{\"@context\":\"https:\\\/\\\/schema.org\",\"@graph\":[{\"@type\":\"WebPage\",\"@id\":\"https:\\\/\\\/tegarmobel.com\\\/tegardlf\\\/qbnext_new_10\\\/\",\"url\":\"https:\\\/\\\/tegarmobel.com\\\/tegardlf\\\/qbnext_new_10\\\/\",\"name\":\"QBnext_new_10 - Tegar Daily Life Furniture\",\"isPartOf\":{\"@id\":\"https:\\\/\\\/tegarmobel.com\\\/tegardlf\\\/#website\"},\"primaryImageOfPage\":{\"@id\":\"https:\\\/\\\/tegarmobel.com\\\/tegardlf\\\/qbnext_new_10\\\/#primaryimage\"},\"image\":{\"@id\":\"https:\\\/\\\/tegarmobel.com\\\/tegardlf\\\/qbnext_new_10\\\/#primaryimage\"},\"thumbnailUrl\":\"https:\\\/\\\/tegarmobel.com\\\/tegardlf\\\/wp-content\\\/uploads\\\/2021\\\/09\\\/QBnext_new_10_01-1024x576.jpg\",\"datePublished\":\"2021-09-21T07:27:50+00:00\",\"dateModified\":\"2022-06-01T13:03:05+00:00\",\"breadcrumb\":{\"@id\":\"https:\\\/\\\/tegarmobel.com\\\/tegardlf\\\/qbnext_new_10\\\/#breadcrumb\"},\"inLanguage\":\"es\",\"potentialAction\":[{\"@type\":\"ReadAction\",\"target\":[\"https:\\\/\\\/tegarmobel.com\\\/tegardlf\\\/qbnext_new_10\\\/\"]}]},{\"@type\":\"ImageObject\",\"inLanguage\":\"es\",\"@id\":\"https:\\\/\\\/tegarmobel.com\\\/tegardlf\\\/qbnext_new_10\\\/#primaryimage\",\"url\":\"https:\\\/\\\/tegarmobel.com\\\/tegardlf\\\/wp-content\\\/uploads\\\/2021\\\/09\\\/QBnext_new_10_01.jpg\",\"contentUrl\":\"https:\\\/\\\/tegarmobel.com\\\/tegardlf\\\/wp-content\\\/uploads\\\/2021\\\/09\\\/QBnext_new_10_01.jpg\",\"width\":2134,\"height\":1200},{\"@type\":\"BreadcrumbList\",\"@id\":\"https:\\\/\\\/tegarmobel.com\\\/tegardlf\\\/qbnext_new_10\\\/#breadcrumb\",\"itemListElement\":[{\"@type\":\"ListItem\",\"position\":1,\"name\":\"Portada\",\"item\":\"https:\\\/\\\/tegarmobel.com\\\/tegardlf\\\/\"},{\"@type\":\"ListItem\",\"position\":2,\"name\":\"QBnext_new_10\"}]},{\"@type\":\"WebSite\",\"@id\":\"https:\\\/\\\/tegarmobel.com\\\/tegardlf\\\/#website\",\"url\":\"https:\\\/\\\/tegarmobel.com\\\/tegardlf\\\/\",\"name\":\"Tegar Daily Life Furniture\",\"description\":\"Tegar Daily Life Furniture\",\"publisher\":{\"@id\":\"https:\\\/\\\/tegarmobel.com\\\/tegardlf\\\/#organization\"},\"potentialAction\":[{\"@type\":\"SearchAction\",\"target\":{\"@type\":\"EntryPoint\",\"urlTemplate\":\"https:\\\/\\\/tegarmobel.com\\\/tegardlf\\\/?s={search_term_string}\"},\"query-input\":{\"@type\":\"PropertyValueSpecification\",\"valueRequired\":true,\"valueName\":\"search_term_string\"}}],\"inLanguage\":\"es\"},{\"@type\":\"Organization\",\"@id\":\"https:\\\/\\\/tegarmobel.com\\\/tegardlf\\\/#organization\",\"name\":\"Tegar Daily Life Furniture\",\"url\":\"https:\\\/\\\/tegarmobel.com\\\/tegardlf\\\/\",\"logo\":{\"@type\":\"ImageObject\",\"inLanguage\":\"es\",\"@id\":\"https:\\\/\\\/tegarmobel.com\\\/tegardlf\\\/#\\\/schema\\\/logo\\\/image\\\/\",\"url\":\"https:\\\/\\\/tegarmobel.com\\\/tegardlf\\\/wp-content\\\/uploads\\\/2021\\\/09\\\/Logo-tegar-web8.png\",\"contentUrl\":\"https:\\\/\\\/tegarmobel.com\\\/tegardlf\\\/wp-content\\\/uploads\\\/2021\\\/09\\\/Logo-tegar-web8.png\",\"width\":1000,\"height\":162,\"caption\":\"Tegar Daily Life Furniture\"},\"image\":{\"@id\":\"https:\\\/\\\/tegarmobel.com\\\/tegardlf\\\/#\\\/schema\\\/logo\\\/image\\\/\"}}]}<\/script>\n<!-- \/ Yoast SEO plugin. -->","yoast_head_json":{"title":"QBnext_new_10 - Tegar Daily Life Furniture","robots":{"index":"index","follow":"follow","max-snippet":"max-snippet:-1","max-image-preview":"max-image-preview:large","max-video-preview":"max-video-preview:-1"},"canonical":"https:\/\/tegarmobel.com\/tegardlf\/qbnext_new_10\/","og_locale":"es_ES","og_type":"article","og_title":"QBnext_new_10 - Tegar Daily Life Furniture","og_description":"QBnext NEW 10 Cama abatible con sof\u00e1 + armario + mesa estudio blanco mate, miel, lido 2 medidas: 482 x 226,8 x 60 Nueva composici\u00f3n formada por una cama abatible con sof\u00e1, armario de 2 puertas, 2 sobres de mesa estudio con trasera superior, m\u00f3dulos bajos y altillos. Resulta ideal para zonas de paso, buhardillas, [&hellip;]","og_url":"https:\/\/tegarmobel.com\/tegardlf\/qbnext_new_10\/","og_site_name":"Tegar Daily Life Furniture","article_modified_time":"2022-06-01T13:03:05+00:00","og_image":[{"width":2134,"height":1200,"url":"https:\/\/tegarmobel.com\/tegardlf\/wp-content\/uploads\/2021\/09\/QBnext_new_10_01.jpg","type":"image\/jpeg"}],"twitter_card":"summary_large_image","schema":{"@context":"https:\/\/schema.org","@graph":[{"@type":"WebPage","@id":"https:\/\/tegarmobel.com\/tegardlf\/qbnext_new_10\/","url":"https:\/\/tegarmobel.com\/tegardlf\/qbnext_new_10\/","name":"QBnext_new_10 - Tegar Daily Life Furniture","isPartOf":{"@id":"https:\/\/tegarmobel.com\/tegardlf\/#website"},"primaryImageOfPage":{"@id":"https:\/\/tegarmobel.com\/tegardlf\/qbnext_new_10\/#primaryimage"},"image":{"@id":"https:\/\/tegarmobel.com\/tegardlf\/qbnext_new_10\/#primaryimage"},"thumbnailUrl":"https:\/\/tegarmobel.com\/tegardlf\/wp-content\/uploads\/2021\/09\/QBnext_new_10_01-1024x576.jpg","datePublished":"2021-09-21T07:27:50+00:00","dateModified":"2022-06-01T13:03:05+00:00","breadcrumb":{"@id":"https:\/\/tegarmobel.com\/tegardlf\/qbnext_new_10\/#breadcrumb"},"inLanguage":"es","potentialAction":[{"@type":"ReadAction","target":["https:\/\/tegarmobel.com\/tegardlf\/qbnext_new_10\/"]}]},{"@type":"ImageObject","inLanguage":"es","@id":"https:\/\/tegarmobel.com\/tegardlf\/qbnext_new_10\/#primaryimage","url":"https:\/\/tegarmobel.com\/tegardlf\/wp-content\/uploads\/2021\/09\/QBnext_new_10_01.jpg","contentUrl":"https:\/\/tegarmobel.com\/tegardlf\/wp-content\/uploads\/2021\/09\/QBnext_new_10_01.jpg","width":2134,"height":1200},{"@type":"BreadcrumbList","@id":"https:\/\/tegarmobel.com\/tegardlf\/qbnext_new_10\/#breadcrumb","itemListElement":[{"@type":"ListItem","position":1,"name":"Portada","item":"https:\/\/tegarmobel.com\/tegardlf\/"},{"@type":"ListItem","position":2,"name":"QBnext_new_10"}]},{"@type":"WebSite","@id":"https:\/\/tegarmobel.com\/tegardlf\/#website","url":"https:\/\/tegarmobel.com\/tegardlf\/","name":"Tegar Daily Life Furniture","description":"Tegar Daily Life Furniture","publisher":{"@id":"https:\/\/tegarmobel.com\/tegardlf\/#organization"},"potentialAction":[{"@type":"SearchAction","target":{"@type":"EntryPoint","urlTemplate":"https:\/\/tegarmobel.com\/tegardlf\/?s={search_term_string}"},"query-input":{"@type":"PropertyValueSpecification","valueRequired":true,"valueName":"search_term_string"}}],"inLanguage":"es"},{"@type":"Organization","@id":"https:\/\/tegarmobel.com\/tegardlf\/#organization","name":"Tegar Daily Life Furniture","url":"https:\/\/tegarmobel.com\/tegardlf\/","logo":{"@type":"ImageObject","inLanguage":"es","@id":"https:\/\/tegarmobel.com\/tegardlf\/#\/schema\/logo\/image\/","url":"https:\/\/tegarmobel.com\/tegardlf\/wp-content\/uploads\/2021\/09\/Logo-tegar-web8.png","contentUrl":"https:\/\/tegarmobel.com\/tegardlf\/wp-content\/uploads\/2021\/09\/Logo-tegar-web8.png","width":1000,"height":162,"caption":"Tegar Daily Life Furniture"},"image":{"@id":"https:\/\/tegarmobel.com\/tegardlf\/#\/schema\/logo\/image\/"}}]}},"_links":{"self":[{"href":"https:\/\/tegarmobel.com\/tegardlf\/wp-json\/wp\/v2\/pages\/3726","targetHints":{"allow":["GET"]}}],"collection":[{"href":"https:\/\/tegarmobel.com\/tegardlf\/wp-json\/wp\/v2\/pages"}],"about":[{"href":"https:\/\/tegarmobel.com\/tegardlf\/wp-json\/wp\/v2\/types\/page"}],"author":[{"embeddable":true,"href":"https:\/\/tegarmobel.com\/tegardlf\/wp-json\/wp\/v2\/users\/1"}],"replies":[{"embeddable":true,"href":"https:\/\/tegarmobel.com\/tegardlf\/wp-json\/wp\/v2\/comments?post=3726"}],"version-history":[{"count":7,"href":"https:\/\/tegarmobel.com\/tegardlf\/wp-json\/wp\/v2\/pages\/3726\/revisions"}],"predecessor-version":[{"id":4715,"href":"https:\/\/tegarmobel.com\/tegardlf\/wp-json\/wp\/v2\/pages\/3726\/revisions\/4715"}],"wp:attachment":[{"href":"https:\/\/tegarmobel.com\/tegardlf\/wp-json\/wp\/v2\/media?parent=3726"}],"curies":[{"name":"wp","href":"https:\/\/api.w.org\/{rel}","templated":true}]}}